{"id":687,"date":"2022-03-03T17:05:42","date_gmt":"2022-03-03T16:05:42","guid":{"rendered":"http:\/\/wp13470711.server-he.de\/impressum\/"},"modified":"2022-08-15T12:49:04","modified_gmt":"2022-08-15T10:49:04","slug":"impressum","status":"publish","type":"page","link":"https:\/\/kurtmueller.com\/en\/impressum\/","title":{"rendered":"Imprint"},"content":{"rendered":"<div data-elementor-type=\"wp-page\" data-elementor-id=\"687\" class=\"elementor elementor-687\">\n\t\t\t\t\t\t<section class=\"elementor-section elementor-top-section elementor-element elementor-element-5c4af815 elementor-section-boxed elementor-section-height-default elementor-section-height-default\" data-id=\"5c4af815\" data-element_type=\"section\" data-settings=\"{&quot;background_background&quot;:&quot;classic&quot;}\">\n\t\t\t\t\t\t<div class=\"elementor-container elementor-column-gap-default\">\n\t\t\t\t\t<div class=\"elementor-column elementor-col-50 elementor-top-column elementor-element elementor-element-1b58ebe4\" data-id=\"1b58ebe4\" data-element_type=\"column\">\n\t\t\t<div class=\"elementor-widget-wrap elementor-element-populated\">\n\t\t\t\t\t\t<div class=\"elementor-element elementor-element-504cced elementor-widget elementor-widget-heading\" data-id=\"504cced\" data-element_type=\"widget\" data-widget_type=\"heading.default\">\n\t\t\t\t<div class=\"elementor-widget-container\">\n\t\t\t\t\t<h1 class=\"elementor-heading-title elementor-size-default\">Imprint<\/h1>\t\t\t\t<\/div>\n\t\t\t\t<\/div>\n\t\t\t\t<div class=\"elementor-element elementor-element-24568dd elementor-widget elementor-widget-text-editor\" data-id=\"24568dd\" data-element_type=\"widget\" data-widget_type=\"text-editor.default\">\n\t\t\t\t<div class=\"elementor-widget-container\">\n\t\t\t\t\t\t\t\t\t<p><strong>DR. KURT M\u00dcLLER GmbH &amp; Co. KG<br \/><\/strong>Krefelder Str. 150<br \/>D-47839 Krefeld<\/p><p>Phone: <a href=\"tel:+49 (0) 2151 - 73 290\">+49 (0) 2151 &#8211; 73 290<\/a><br \/>Fax: +49 (o) 2151 &#8211; 7329 21<br \/>eMail: <a href=\"mailto:info@kurtmueller.com\">info@kurtmueller.com<\/a><br \/>Web: www.kurtmueller.com<\/p><p>commercial register Krefeld HRA 2386<br \/>USt-IdNr.: DE120138621<br \/>general partner:<br \/>Membranen GmbH, Handelsregister Krefeld HRB 1156<br \/>Managing Director: Daniel Ebers<br \/>Place of jurisdiction: Krefeld<\/p><p>Responsible for the content: Daniel Ebers<\/p><p class=\"translation-block\">The European Commission platform for online dispute resolution (OS) for consumers: <a href=\"https:\/\/ec.europa.eu\/consumers\/odr\/\" target=\"_blank\" rel=\"noopener\">https:\/\/ec .europa.eu\/consumers\/odr\/<\/a>. We are not willing and not obliged to participate in a dispute settlement procedure before a consumer arbitration board.<\/p>\t\t\t\t\t\t\t\t<\/div>\n\t\t\t\t<\/div>\n\t\t\t\t\t<\/div>\n\t\t<\/div>\n\t\t\t\t<div class=\"elementor-column elementor-col-50 elementor-top-column elementor-element elementor-element-74f8860\" data-id=\"74f8860\" data-element_type=\"column\">\n\t\t\t<div class=\"elementor-widget-wrap\">\n\t\t\t\t\t\t\t<\/div>\n\t\t<\/div>\n\t\t\t\t\t<\/div>\n\t\t<\/section>\n\t\t\t\t<\/div>","protected":false},"excerpt":{"rendered":"<p>Impressum DR. KURT M\u00dcLLER GmbH &amp; Co. KGKrefelder Str. 150D-47839 Krefeld Tel.: +49 (0) 2151 &#8211; 73 290Fax: +49 (o) 2151 &#8211; 7329 21eMail: info@kurtmueller.comWeb: www.kurtmueller.com Handelsregister Krefeld HRA 2386USt-IdNr.: DE120138621Komplement\u00e4rin:Membranen GmbH, Handelsregister Krefeld HRB 1156Gesch\u00e4ftsf\u00fchrer: Daniel EbersGerichtsstand: Krefeld Verantwortlich f\u00fcr den Inhalt: Daniel Ebers Plattform der Europ\u00e4ischen Kommission zur Online-Streitbeilegung (OS) f\u00fcr Verbraucher:\u00a0https:\/\/ec.europa.eu\/consumers\/odr\/. Wir [&hellip;]<\/p>","protected":false},"author":1,"featured_media":0,"parent":0,"menu_order":0,"comment_status":"closed","ping_status":"closed","template":"elementor_header_footer","meta":{"ocean_post_layout":"","ocean_both_sidebars_style":"","ocean_both_sidebars_content_width":0,"ocean_both_sidebars_sidebars_width":0,"ocean_sidebar":"0","ocean_second_sidebar":"0","ocean_disable_margins":"enable","ocean_add_body_class":"","ocean_shortcode_before_top_bar":"","ocean_shortcode_after_top_bar":"","ocean_shortcode_before_header":"","ocean_shortcode_after_header":"","ocean_has_shortcode":"","ocean_shortcode_after_title":"","ocean_shortcode_before_footer_widgets":"","ocean_shortcode_after_footer_widgets":"","ocean_shortcode_before_footer_bottom":"","ocean_shortcode_after_footer_bottom":"","ocean_display_top_bar":"default","ocean_display_header":"default","ocean_header_style":"","ocean_center_header_left_menu":"0","ocean_custom_header_template":"0","ocean_custom_logo":0,"ocean_custom_retina_logo":0,"ocean_custom_logo_max_width":0,"ocean_custom_logo_tablet_max_width":0,"ocean_custom_logo_mobile_max_width":0,"ocean_custom_logo_max_height":0,"ocean_custom_logo_tablet_max_height":0,"ocean_custom_logo_mobile_max_height":0,"ocean_header_custom_menu":"0","ocean_menu_typo_font_family":"0","ocean_menu_typo_font_subset":"","ocean_menu_typo_font_size":0,"ocean_menu_typo_font_size_tablet":0,"ocean_menu_typo_font_size_mobile":0,"ocean_menu_typo_font_size_unit":"px","ocean_menu_typo_font_weight":"","ocean_menu_typo_font_weight_tablet":"","ocean_menu_typo_font_weight_mobile":"","ocean_menu_typo_transform":"","ocean_menu_typo_transform_tablet":"","ocean_menu_typo_transform_mobile":"","ocean_menu_typo_line_height":0,"ocean_menu_typo_line_height_tablet":0,"ocean_menu_typo_line_height_mobile":0,"ocean_menu_typo_line_height_unit":"","ocean_menu_typo_spacing":0,"ocean_menu_typo_spacing_tablet":0,"ocean_menu_typo_spacing_mobile":0,"ocean_menu_typo_spacing_unit":"","ocean_menu_link_color":"","ocean_menu_link_color_hover":"","ocean_menu_link_color_active":"","ocean_menu_link_background":"","ocean_menu_link_hover_background":"","ocean_menu_link_active_background":"","ocean_menu_social_links_bg":"","ocean_menu_social_hover_links_bg":"","ocean_menu_social_links_color":"","ocean_menu_social_hover_links_color":"","ocean_disable_title":"on","ocean_disable_heading":"default","ocean_post_title":"","ocean_post_subheading":"","ocean_post_title_style":"","ocean_post_title_background_color":"","ocean_post_title_background":0,"ocean_post_title_bg_image_position":"","ocean_post_title_bg_image_attachment":"","ocean_post_title_bg_image_repeat":"","ocean_post_title_bg_image_size":"","ocean_post_title_height":0,"ocean_post_title_bg_overlay":0.5,"ocean_post_title_bg_overlay_color":"","ocean_disable_breadcrumbs":"default","ocean_breadcrumbs_color":"","ocean_breadcrumbs_separator_color":"","ocean_breadcrumbs_links_color":"","ocean_breadcrumbs_links_hover_color":"","ocean_display_footer_widgets":"default","ocean_display_footer_bottom":"default","ocean_custom_footer_template":"0","footnotes":""},"class_list":["post-687","page","type-page","status-publish","hentry","entry"],"_links":{"self":[{"href":"https:\/\/kurtmueller.com\/en\/wp-json\/wp\/v2\/pages\/687","targetHints":{"allow":["GET"]}}],"collection":[{"href":"https:\/\/kurtmueller.com\/en\/wp-json\/wp\/v2\/pages"}],"about":[{"href":"https:\/\/kurtmueller.com\/en\/wp-json\/wp\/v2\/types\/page"}],"author":[{"embeddable":true,"href":"https:\/\/kurtmueller.com\/en\/wp-json\/wp\/v2\/users\/1"}],"replies":[{"embeddable":true,"href":"https:\/\/kurtmueller.com\/en\/wp-json\/wp\/v2\/comments?post=687"}],"version-history":[{"count":31,"href":"https:\/\/kurtmueller.com\/en\/wp-json\/wp\/v2\/pages\/687\/revisions"}],"predecessor-version":[{"id":1702,"href":"https:\/\/kurtmueller.com\/en\/wp-json\/wp\/v2\/pages\/687\/revisions\/1702"}],"wp:attachment":[{"href":"https:\/\/kurtmueller.com\/en\/wp-json\/wp\/v2\/media?parent=687"}],"curies":[{"name":"wp","href":"https:\/\/api.w.org\/{rel}","templated":true}]}}