{"id":60,"date":"2020-03-04T17:57:18","date_gmt":"2020-03-04T16:57:18","guid":{"rendered":"http:\/\/wp13470711.server-he.de\/?page_id=60"},"modified":"2026-03-04T12:15:46","modified_gmt":"2026-03-04T11:15:46","slug":"katalog","status":"publish","type":"page","link":"https:\/\/kurtmueller.com\/en\/katalog\/","title":{"rendered":"Catalogue"},"content":{"rendered":"<div data-elementor-type=\"wp-page\" data-elementor-id=\"60\" class=\"elementor elementor-60\">\n\t\t\t\t\t\t<section class=\"elementor-section elementor-top-section elementor-element elementor-element-9df2598 elementor-section-height-min-height elementor-section-boxed elementor-section-height-default elementor-section-items-middle\" data-id=\"9df2598\" data-element_type=\"section\" data-settings=\"{&quot;background_background&quot;:&quot;classic&quot;}\">\n\t\t\t\t\t\t\t<div class=\"elementor-background-overlay\"><\/div>\n\t\t\t\t\t\t\t<div class=\"elementor-container elementor-column-gap-default\">\n\t\t\t\t\t<div class=\"elementor-column elementor-col-50 elementor-top-column elementor-element elementor-element-dd55880\" data-id=\"dd55880\" data-element_type=\"column\">\n\t\t\t<div class=\"elementor-widget-wrap\">\n\t\t\t\t\t\t\t<\/div>\n\t\t<\/div>\n\t\t\t\t<div class=\"elementor-column elementor-col-50 elementor-top-column elementor-element elementor-element-a1cbd1c\" data-id=\"a1cbd1c\" data-element_type=\"column\">\n\t\t\t<div class=\"elementor-widget-wrap elementor-element-populated\">\n\t\t\t\t\t\t<div class=\"elementor-element elementor-element-06c4c8f elementor-widget elementor-widget-heading\" data-id=\"06c4c8f\" data-element_type=\"widget\" data-widget_type=\"heading.default\">\n\t\t\t\t<div class=\"elementor-widget-container\">\n\t\t\t\t\t<h1 class=\"elementor-heading-title elementor-size-default\">Catalogue<\/h1>\t\t\t\t<\/div>\n\t\t\t\t<\/div>\n\t\t\t\t\t<\/div>\n\t\t<\/div>\n\t\t\t\t\t<\/div>\n\t\t<\/section>\n\t\t\t\t<section class=\"elementor-section elementor-top-section elementor-element elementor-element-8e97d1b elementor-section-boxed elementor-section-height-default elementor-section-height-default\" data-id=\"8e97d1b\" data-element_type=\"section\">\n\t\t\t\t\t\t<div class=\"elementor-container elementor-column-gap-default\">\n\t\t\t\t\t<div class=\"elementor-column elementor-col-100 elementor-top-column elementor-element elementor-element-d9f219a\" data-id=\"d9f219a\" data-element_type=\"column\">\n\t\t\t<div class=\"elementor-widget-wrap elementor-element-populated\">\n\t\t\t\t\t\t<div class=\"elementor-element elementor-element-eab82a2 elementor-widget elementor-widget-text-editor\" data-id=\"eab82a2\" data-element_type=\"widget\" data-widget_type=\"text-editor.default\">\n\t\t\t\t<div class=\"elementor-widget-container\">\n\t\t\t\t\t\t\t\t\t<p class=\"p1\">Dear prospective customer,<\/p><p class=\"p1\">You can download our catalog for the desired product group here.<\/p><p class=\"p1\">If you cannot find the product dimensions you are looking for, please <a href=\"mailto:info@kurtmueller.com\">contact<\/a> us as we have additional options for finding suitable tools.<\/p><p class=\"p1\">We thank you for your interest and look forward to working with you!<\/p><p class=\"p1\"><span class=\"s1\">Link to download the Excel files:<\/span>:<\/p><ol class=\"ol1\"><li class=\"li3\"><a href=\"https:\/\/kurtmueller.com\/wp-content\/uploads\/2023\/02\/1-Cones-Membranen.xls\">common cones<\/a><\/li><li class=\"li3\"><a href=\"https:\/\/kurtmueller.com\/wp-content\/uploads\/2023\/02\/2-TweeterCones-Hochtonkegel.xls\">tweeter cones<\/a><\/li><li class=\"li3\"><a href=\"https:\/\/kurtmueller.com\/wp-content\/uploads\/2023\/02\/3-RollSurrounds-Sickenringe.xls\">SURROUNDS<\/a><\/li><li class=\"li3\"><a href=\"https:\/\/kurtmueller.com\/wp-content\/uploads\/2023\/02\/4-AssembledCones-VerklebteMembranen.xls\">Verklebte Membrane<\/a><\/li><li class=\"li3\"><a href=\"https:\/\/kurtmueller.com\/wp-content\/uploads\/2023\/02\/5-Suspensions-Zentrierungen.xls\">SUSPENSIONS<\/a><\/li><li class=\"li3\"><a href=\"https:\/\/kurtmueller.com\/wp-content\/uploads\/2023\/02\/6-DomeDiaphragms-Kalottenmembranen.xls\">Kalottenmembrane<\/a><\/li><li class=\"li3\"><a href=\"https:\/\/kurtmueller.com\/wp-content\/uploads\/2023\/02\/7-AssembledDomeDiaphragms-VerklebteKalottenmembranen.xls\">Verklebte Kalottenmembrane<\/a><\/li><li class=\"li3\"><a href=\"https:\/\/kurtmueller.com\/wp-content\/uploads\/2023\/02\/8-DustCovers-Abdeckkalotten.xls\">DUST CAPS<\/a><\/li><\/ol>\t\t\t\t\t\t\t\t<\/div>\n\t\t\t\t<\/div>\n\t\t\t\t\t<\/div>\n\t\t<\/div>\n\t\t\t\t\t<\/div>\n\t\t<\/section>\n\t\t\t\t<\/div>","protected":false},"excerpt":{"rendered":"<p>Katalog Sehr geehrter Interessent, Sie k\u00f6nnen hier unseren Katalog f\u00fcr die gew\u00fcnschte Produktgruppe herunterladen. Sollten Sie Ihre gew\u00fcnschten Produktabmessungen nicht finden, kontaktieren Sie uns bitte, da wir \u00fcber weitere M\u00f6glichkeiten der Suche nach geeigneten Werkzeugen verf\u00fcgen. Wir bedanken uns f\u00fcr Ihr Interesse und freuen uns auf die Zusammenarbeit mit Ihnen! Link zum Download zu den [&hellip;]<\/p>","protected":false},"author":1,"featured_media":0,"parent":0,"menu_order":0,"comment_status":"closed","ping_status":"closed","template":"elementor_header_footer","meta":{"ocean_post_layout":"full-screen","ocean_both_sidebars_style":"","ocean_both_sidebars_content_width":0,"ocean_both_sidebars_sidebars_width":0,"ocean_sidebar":"0","ocean_second_sidebar":"0","ocean_disable_margins":"enable","ocean_add_body_class":"","ocean_shortcode_before_top_bar":"","ocean_shortcode_after_top_bar":"","ocean_shortcode_before_header":"","ocean_shortcode_after_header":"","ocean_has_shortcode":"","ocean_shortcode_after_title":"","ocean_shortcode_before_footer_widgets":"","ocean_shortcode_after_footer_widgets":"","ocean_shortcode_before_footer_bottom":"","ocean_shortcode_after_footer_bottom":"","ocean_display_top_bar":"off","ocean_display_header":"default","ocean_header_style":"","ocean_center_header_left_menu":"0","ocean_custom_header_template":"0","ocean_custom_logo":0,"ocean_custom_retina_logo":0,"ocean_custom_logo_max_width":0,"ocean_custom_logo_tablet_max_width":0,"ocean_custom_logo_mobile_max_width":0,"ocean_custom_logo_max_height":0,"ocean_custom_logo_tablet_max_height":0,"ocean_custom_logo_mobile_max_height":0,"ocean_header_custom_menu":"0","ocean_menu_typo_font_family":"0","ocean_menu_typo_font_subset":"","ocean_menu_typo_font_size":0,"ocean_menu_typo_font_size_tablet":0,"ocean_menu_typo_font_size_mobile":0,"ocean_menu_typo_font_size_unit":"px","ocean_menu_typo_font_weight":"","ocean_menu_typo_font_weight_tablet":"","ocean_menu_typo_font_weight_mobile":"","ocean_menu_typo_transform":"","ocean_menu_typo_transform_tablet":"","ocean_menu_typo_transform_mobile":"","ocean_menu_typo_line_height":0,"ocean_menu_typo_line_height_tablet":0,"ocean_menu_typo_line_height_mobile":0,"ocean_menu_typo_line_height_unit":"","ocean_menu_typo_spacing":0,"ocean_menu_typo_spacing_tablet":0,"ocean_menu_typo_spacing_mobile":0,"ocean_menu_typo_spacing_unit":"","ocean_menu_link_color":"","ocean_menu_link_color_hover":"","ocean_menu_link_color_active":"","ocean_menu_link_background":"","ocean_menu_link_hover_background":"","ocean_menu_link_active_background":"","ocean_menu_social_links_bg":"","ocean_menu_social_hover_links_bg":"","ocean_menu_social_links_color":"","ocean_menu_social_hover_links_color":"","ocean_disable_title":"on","ocean_disable_heading":"default","ocean_post_title":"","ocean_post_subheading":"","ocean_post_title_style":"","ocean_post_title_background_color":"","ocean_post_title_background":0,"ocean_post_title_bg_image_position":"","ocean_post_title_bg_image_attachment":"","ocean_post_title_bg_image_repeat":"","ocean_post_title_bg_image_size":"","ocean_post_title_height":0,"ocean_post_title_bg_overlay":0.5,"ocean_post_title_bg_overlay_color":"","ocean_disable_breadcrumbs":"default","ocean_breadcrumbs_color":"","ocean_breadcrumbs_separator_color":"","ocean_breadcrumbs_links_color":"","ocean_breadcrumbs_links_hover_color":"","ocean_display_footer_widgets":"default","ocean_display_footer_bottom":"default","ocean_custom_footer_template":"0","footnotes":""},"class_list":["post-60","page","type-page","status-publish","hentry","entry"],"_links":{"self":[{"href":"https:\/\/kurtmueller.com\/en\/wp-json\/wp\/v2\/pages\/60","targetHints":{"allow":["GET"]}}],"collection":[{"href":"https:\/\/kurtmueller.com\/en\/wp-json\/wp\/v2\/pages"}],"about":[{"href":"https:\/\/kurtmueller.com\/en\/wp-json\/wp\/v2\/types\/page"}],"author":[{"embeddable":true,"href":"https:\/\/kurtmueller.com\/en\/wp-json\/wp\/v2\/users\/1"}],"replies":[{"embeddable":true,"href":"https:\/\/kurtmueller.com\/en\/wp-json\/wp\/v2\/comments?post=60"}],"version-history":[{"count":57,"href":"https:\/\/kurtmueller.com\/en\/wp-json\/wp\/v2\/pages\/60\/revisions"}],"predecessor-version":[{"id":2542,"href":"https:\/\/kurtmueller.com\/en\/wp-json\/wp\/v2\/pages\/60\/revisions\/2542"}],"wp:attachment":[{"href":"https:\/\/kurtmueller.com\/en\/wp-json\/wp\/v2\/media?parent=60"}],"curies":[{"name":"wp","href":"https:\/\/api.w.org\/{rel}","templated":true}]}}