{"id":2543,"date":"2026-03-05T19:33:47","date_gmt":"2026-03-05T18:33:47","guid":{"rendered":"https:\/\/kurtmueller.com\/?page_id=2543"},"modified":"2026-04-17T02:05:23","modified_gmt":"2026-04-17T00:05:23","slug":"ausbildung-zum-mechtroniker","status":"publish","type":"page","link":"https:\/\/kurtmueller.com\/en\/ausbildung-zum-mechtroniker\/","title":{"rendered":"Ausbildung zum Mechatroniker (m\/w\/d)"},"content":{"rendered":"<p><img fetchpriority=\"high\" decoding=\"async\" width=\"644\" height=\"160\" src=\"https:\/\/kurtmueller.com\/wp-content\/uploads\/2022\/06\/Zeichenflaeche-2.png\" alt=\"\" srcset=\"https:\/\/kurtmueller.com\/wp-content\/uploads\/2022\/06\/Zeichenflaeche-2.png 644w, https:\/\/kurtmueller.com\/wp-content\/uploads\/2022\/06\/Zeichenflaeche-2-300x75.png 300w, https:\/\/kurtmueller.com\/wp-content\/uploads\/2022\/06\/Zeichenflaeche-2-18x4.png 18w\" sizes=\"(max-width: 644px) 100vw, 644px\" \/>\t\t\t\t\t\t\t\t\t\t\t\t\t\t\t<\/p>\n<h1><a href=\"https:\/\/kurtmueller.com\/inside-dkm\/mechatroniker.html\">Ausbildung zum Mechatroniker (m\/w\/d)<\/a><\/h1>\n<p style=\"font-weight: 400;\"><\/p>\n<p style=\"font-weight: 400;\">Wir sind ein mittelst\u00e4ndisches Unternehmen mit einer \u00fcber 100-j\u00e4hrigen Firmenhistorie in der Entwicklung und Herstellung und im weltweiten Vertrieb von Schwingteilen f\u00fcr die Lautsprecherindustrie. Unser Firmenstandort in Deutschland ist Krefeld-H\u00fcls.<\/p>\n<p style=\"font-weight: 400;\">Unsere Produkte werden von der Idee bis zur Produktion im Hause entwickelt und dienen der Weiterverarbeitung in bekannten, hochwertigen Lautsprechern. Wir entwickeln und bauen unsere Produktionsmaschinen selber und suchen zur Verst\u00e4rkung unseres Teams in Krefeld einen<\/p>\n<p><strong style=\"font-weight: 400;\">Auszubildenden zum&nbsp;<\/strong>Mechatroniker&nbsp;&nbsp;<strong style=\"font-weight: 400; font-size: 14px;\">(m\/w\/d)<\/strong><\/p>\n<p style=\"font-weight: 400;\"><strong>Das erwarten wir von Dir:<\/strong><\/p>\n<p style=\"font-weight: 400;\">Nat\u00fcrlich ist ein gutes Zeugnis mit guten Noten in Mathe und Physik ein guter Grundstein f\u00fcr einen Einstieg bei uns, denn unser Anspruch und der der Berufsschule sind hoch. Neben einem guten Schulabschluss z\u00e4hlt f\u00fcr uns aber auch, dass Du<\/p>\n<ul>\n<li>Interesse an Technik und in diesem Bereich eventuell schon erste Erfahrungen in&nbsp;<\/li>\n<li>Praktika oder bei Deinem Hobby gesammelt hast,<\/li>\n<li>motiviert, lernbereit und begeisterungsf\u00e4hig bist,<\/li>\n<li>sorgf\u00e4ltig und selbst\u00e4ndig arbeitest,<\/li>\n<li>Kommunikationsfreude und Teamf\u00e4higkeit besitzt,<\/li>\n<li>freundlich und selbstbewusst auftrittst und<\/li>\n<li>Freude an der \u00dcbernahme von Verantwortung hast.<\/li>\n<\/ul>\n<p style=\"font-weight: 400;\"><strong>Das bieten wir:<\/strong><\/p>\n<ul>\n<li style=\"font-weight: 400;\">Als <strong>Auszubildender (m\/w\/d) <\/strong>bist Du Teil eines dynamischen kleinen Teams, das Dir von der ersten Minute an vielf\u00e4ltige M\u00f6glichkeiten zur Mitwirkung und Entwicklung bietet. Teamgeist, Respekt und Freude an den vielseitigen Aufgaben stehen f\u00fcr uns im Mittelpunkt. Dabei ist uns wichtig, dass Du eine professionelle Ausbildung \u00fcber alle mechanischen, elektrischen und elektronischen Komponenten erh\u00e4ltst.<\/li>\n<li style=\"font-weight: 400;\">Entlohnung nach Tarif, im 1. Ausbildungsjahr bereits 1.204,42 \u20ac \/ Monat<\/li>\n<li style=\"font-weight: 400;\">30 Tage Urlaub inklusive Urlaubsgeld<\/li>\n<li style=\"font-weight: 400;\">Nach Deiner Ausbildung hast Du beste Chancen, mit uns weiter zu wachsen und von beruflichen Weiterbildungsma\u00dfnahmen zu profitieren.<\/li>\n<\/ul>\n<p style=\"font-weight: 400;\">Bei Interesse freuen wir uns \u00fcber eine Bewerbung online an Frau Franzke: <a href=\"mailto:franzke@kurtmueller.com\">franzke@kurtmueller.com<\/a>&nbsp;(Tel.: 02151-7329-27).<\/p>","protected":false},"excerpt":{"rendered":"<p>Ausbildung zum Mechatroniker (m\/w\/d) Wir sind ein mittelst\u00e4ndisches Unternehmen mit einer \u00fcber 100-j\u00e4hrigen Firmenhistorie in der Entwicklung und Herstellung und im weltweiten Vertrieb von Schwingteilen f\u00fcr die Lautsprecherindustrie. Unser Firmenstandort in Deutschland ist Krefeld-H\u00fcls. Unsere Produkte werden von der Idee bis zur Produktion im Hause entwickelt und dienen der Weiterverarbeitung in bekannten, hochwertigen Lautsprechern. Wir [&hellip;]<\/p>","protected":false},"author":1,"featured_media":0,"parent":0,"menu_order":0,"comment_status":"closed","ping_status":"closed","template":"elementor_header_footer","meta":{"ocean_post_layout":"full-screen","ocean_both_sidebars_style":"","ocean_both_sidebars_content_width":0,"ocean_both_sidebars_sidebars_width":0,"ocean_sidebar":"0","ocean_second_sidebar":"0","ocean_disable_margins":"enable","ocean_add_body_class":"","ocean_shortcode_before_top_bar":"","ocean_shortcode_after_top_bar":"","ocean_shortcode_before_header":"","ocean_shortcode_after_header":"","ocean_has_shortcode":"","ocean_shortcode_after_title":"","ocean_shortcode_before_footer_widgets":"","ocean_shortcode_after_footer_widgets":"","ocean_shortcode_before_footer_bottom":"","ocean_shortcode_after_footer_bottom":"","ocean_display_top_bar":"off","ocean_display_header":"default","ocean_header_style":"","ocean_center_header_left_menu":"0","ocean_custom_header_template":"0","ocean_custom_logo":0,"ocean_custom_retina_logo":0,"ocean_custom_logo_max_width":0,"ocean_custom_logo_tablet_max_width":0,"ocean_custom_logo_mobile_max_width":0,"ocean_custom_logo_max_height":0,"ocean_custom_logo_tablet_max_height":0,"ocean_custom_logo_mobile_max_height":0,"ocean_header_custom_menu":"0","ocean_menu_typo_font_family":"0","ocean_menu_typo_font_subset":"","ocean_menu_typo_font_size":0,"ocean_menu_typo_font_size_tablet":0,"ocean_menu_typo_font_size_mobile":0,"ocean_menu_typo_font_size_unit":"px","ocean_menu_typo_font_weight":"","ocean_menu_typo_font_weight_tablet":"","ocean_menu_typo_font_weight_mobile":"","ocean_menu_typo_transform":"","ocean_menu_typo_transform_tablet":"","ocean_menu_typo_transform_mobile":"","ocean_menu_typo_line_height":0,"ocean_menu_typo_line_height_tablet":0,"ocean_menu_typo_line_height_mobile":0,"ocean_menu_typo_line_height_unit":"","ocean_menu_typo_spacing":0,"ocean_menu_typo_spacing_tablet":0,"ocean_menu_typo_spacing_mobile":0,"ocean_menu_typo_spacing_unit":"","ocean_menu_link_color":"","ocean_menu_link_color_hover":"","ocean_menu_link_color_active":"#000000","ocean_menu_link_background":"#000000","ocean_menu_link_hover_background":"","ocean_menu_link_active_background":"#000000","ocean_menu_social_links_bg":"","ocean_menu_social_hover_links_bg":"","ocean_menu_social_links_color":"","ocean_menu_social_hover_links_color":"","ocean_disable_title":"on","ocean_disable_heading":"default","ocean_post_title":"","ocean_post_subheading":"","ocean_post_title_style":"","ocean_post_title_background_color":"","ocean_post_title_background":0,"ocean_post_title_bg_image_position":"","ocean_post_title_bg_image_attachment":"","ocean_post_title_bg_image_repeat":"","ocean_post_title_bg_image_size":"","ocean_post_title_height":0,"ocean_post_title_bg_overlay":0.5,"ocean_post_title_bg_overlay_color":"","ocean_disable_breadcrumbs":"off","ocean_breadcrumbs_color":"","ocean_breadcrumbs_separator_color":"","ocean_breadcrumbs_links_color":"","ocean_breadcrumbs_links_hover_color":"","ocean_display_footer_widgets":"default","ocean_display_footer_bottom":"default","ocean_custom_footer_template":"0","footnotes":""},"class_list":["post-2543","page","type-page","status-publish","hentry","entry"],"_links":{"self":[{"href":"https:\/\/kurtmueller.com\/en\/wp-json\/wp\/v2\/pages\/2543","targetHints":{"allow":["GET"]}}],"collection":[{"href":"https:\/\/kurtmueller.com\/en\/wp-json\/wp\/v2\/pages"}],"about":[{"href":"https:\/\/kurtmueller.com\/en\/wp-json\/wp\/v2\/types\/page"}],"author":[{"embeddable":true,"href":"https:\/\/kurtmueller.com\/en\/wp-json\/wp\/v2\/users\/1"}],"replies":[{"embeddable":true,"href":"https:\/\/kurtmueller.com\/en\/wp-json\/wp\/v2\/comments?post=2543"}],"version-history":[{"count":12,"href":"https:\/\/kurtmueller.com\/en\/wp-json\/wp\/v2\/pages\/2543\/revisions"}],"predecessor-version":[{"id":2571,"href":"https:\/\/kurtmueller.com\/en\/wp-json\/wp\/v2\/pages\/2543\/revisions\/2571"}],"wp:attachment":[{"href":"https:\/\/kurtmueller.com\/en\/wp-json\/wp\/v2\/media?parent=2543"}],"curies":[{"name":"wp","href":"https:\/\/api.w.org\/{rel}","templated":true}]}}