{"id":2475,"date":"2025-07-08T12:54:03","date_gmt":"2025-07-08T10:54:03","guid":{"rendered":"http:\/\/wp13470711.server-he.de\/?page_id=2475"},"modified":"2026-03-05T20:12:42","modified_gmt":"2026-03-05T19:12:42","slug":"ausbildung-zum-maschinen-und-anlagenfuehrer","status":"publish","type":"page","link":"https:\/\/kurtmueller.com\/en\/ausbildung-zum-maschinen-und-anlagenfuehrer\/","title":{"rendered":"Ausbildung zum Maschinen- und Anlagenf\u00fchrer (m\/w\/d)"},"content":{"rendered":"<div data-elementor-type=\"wp-page\" data-elementor-id=\"2475\" class=\"elementor elementor-2475\">\n\t\t\t\t\t\t<section class=\"elementor-section elementor-top-section elementor-element elementor-element-46a289a elementor-section-height-min-height elementor-section-boxed elementor-section-height-default elementor-section-items-middle\" data-id=\"46a289a\" data-element_type=\"section\" data-settings=\"{&quot;background_background&quot;:&quot;classic&quot;}\">\n\t\t\t\t\t\t\t<div class=\"elementor-background-overlay\"><\/div>\n\t\t\t\t\t\t\t<div class=\"elementor-container elementor-column-gap-default\">\n\t\t\t\t\t<div class=\"elementor-column elementor-col-50 elementor-top-column elementor-element elementor-element-377a092\" data-id=\"377a092\" data-element_type=\"column\">\n\t\t\t<div class=\"elementor-widget-wrap\">\n\t\t\t\t\t\t\t<\/div>\n\t\t<\/div>\n\t\t\t\t<div class=\"elementor-column elementor-col-50 elementor-top-column elementor-element elementor-element-ca30b8d\" data-id=\"ca30b8d\" data-element_type=\"column\">\n\t\t\t<div class=\"elementor-widget-wrap elementor-element-populated\">\n\t\t\t\t\t\t<div class=\"elementor-element elementor-element-9a4a2e1 elementor-widget elementor-widget-image\" data-id=\"9a4a2e1\" data-element_type=\"widget\" data-widget_type=\"image.default\">\n\t\t\t\t<div class=\"elementor-widget-container\">\n\t\t\t\t\t\t\t\t\t\t\t\t\t\t\t<img fetchpriority=\"high\" decoding=\"async\" width=\"644\" height=\"160\" src=\"https:\/\/kurtmueller.com\/wp-content\/uploads\/2022\/06\/Zeichenflaeche-2.png\" class=\"attachment-large size-large wp-image-1126\" alt=\"\" srcset=\"https:\/\/kurtmueller.com\/wp-content\/uploads\/2022\/06\/Zeichenflaeche-2.png 644w, https:\/\/kurtmueller.com\/wp-content\/uploads\/2022\/06\/Zeichenflaeche-2-300x75.png 300w, https:\/\/kurtmueller.com\/wp-content\/uploads\/2022\/06\/Zeichenflaeche-2-18x4.png 18w\" sizes=\"(max-width: 644px) 100vw, 644px\" \/>\t\t\t\t\t\t\t\t\t\t\t\t\t\t\t<\/div>\n\t\t\t\t<\/div>\n\t\t\t\t\t<\/div>\n\t\t<\/div>\n\t\t\t\t\t<\/div>\n\t\t<\/section>\n\t\t\t\t<section class=\"elementor-section elementor-top-section elementor-element elementor-element-edac24d elementor-section-boxed elementor-section-height-default elementor-section-height-default\" data-id=\"edac24d\" data-element_type=\"section\">\n\t\t\t\t\t\t<div class=\"elementor-container elementor-column-gap-default\">\n\t\t\t\t\t<div class=\"elementor-column elementor-col-100 elementor-top-column elementor-element elementor-element-0c3a6ec\" data-id=\"0c3a6ec\" data-element_type=\"column\">\n\t\t\t<div class=\"elementor-widget-wrap elementor-element-populated\">\n\t\t\t\t\t\t<div class=\"elementor-element elementor-element-e553db7 elementor-widget elementor-widget-heading\" data-id=\"e553db7\" data-element_type=\"widget\" data-widget_type=\"heading.default\">\n\t\t\t\t<div class=\"elementor-widget-container\">\n\t\t\t\t\t<h1 class=\"elementor-heading-title elementor-size-default\">Auszubildenden zum Maschinen- und Anlagenf\u00fchrer (m\/w\/d)<\/h1>\t\t\t\t<\/div>\n\t\t\t\t<\/div>\n\t\t\t\t<div class=\"elementor-element elementor-element-2ccd343 elementor-widget elementor-widget-text-editor\" data-id=\"2ccd343\" data-element_type=\"widget\" data-widget_type=\"text-editor.default\">\n\t\t\t\t<div class=\"elementor-widget-container\">\n\t\t\t\t\t\t\t\t\t<p style=\"font-weight: 400;\">Wir sind ein mittelst\u00e4ndisches Unternehmen mit einer \u00fcber 100-j\u00e4hrigen Firmenhistorie in der Entwicklung und Herstellung und im weltweiten Vertrieb von Schwingteilen f\u00fcr die Lautsprecherindustrie. Unser Hauptfirmenstandort in Deutschland ist Krefeld-H\u00fcls neben einer Niederlassung in England und einem Kooperationspartner in Tschechien.<\/p><p style=\"font-weight: 400;\">Unsere Produkte werden von der Idee bis zur Produktion im Hause entwickelt und dienen der Weiterverarbeitung in bekannten, hochwertigen Lautsprechern. Wir entwickeln und bauen unsere Produktionsmaschinen selber und suchen zur Verst\u00e4rkung unseres Teams in Krefeld-H\u00fcls einen<\/p><p style=\"font-weight: 400;\"><strong>Auszubildenden zum Maschinen- und Anlagenf\u00fchrer (m\/w\/d)<\/strong><\/p><p style=\"font-weight: 400;\"><strong>Das erwarten wir von Dir:<\/strong><\/p><p style=\"font-weight: 400;\">Nat\u00fcrlich ist ein gutes Zeugnis mit guten Noten in Mathe und Physik ein guter Grundstein f\u00fcr einen Einstieg bei uns, denn unser Anspruch und der der Berufsschule sind hoch. Neben einem guten Schulabschluss z\u00e4hlt f\u00fcr uns aber insbesondere, dass Du<\/p><ul style=\"font-weight: 400;\"><li>Interesse an Technik und in diesem Bereich eventuell schon erste Erfahrungen in Praktika gesammelt hast,<\/li><li>motiviert und begeisterungsf\u00e4hig bist,<\/li><li>sorgf\u00e4ltig und selbst\u00e4ndig arbeitest,<\/li><li>Kommunikationsfreude und Teamf\u00e4higkeit besitzt,<\/li><li>freundlich und selbstbewusst auftrittst und<\/li><li>Freude an der \u00dcbernahme von Verantwortung hast.<\/li><\/ul><p style=\"font-weight: 400;\"><strong>Das bieten wir:<\/strong><\/p><ul style=\"font-weight: 400;\"><li>Als <strong>Auszubildender (m\/w\/d) <\/strong>bist Du Teil eines dynamischen Teams, das Dir von der ersten Minute an vielf\u00e4ltige M\u00f6glichkeiten zur Mitwirkung und Entwicklung bietet. Teamgeist, Respekt und Freude an den vielseitigen Aufgaben stehen f\u00fcr uns im Mittelpunkt. Dabei ist uns wichtig, dass Du eine professionelle Ausbildung\u00a0an allen unseren verschiedenen Produktionsmaschinen erh\u00e4ltst.\u00a0<\/li><li>Entlohnung nach Tarif, im 1. Ausbildungsjahr bereits 1.180,80\u20ac\/Monat<\/li><li>30 Tage Urlaub inclusive Urlaubsgeld<\/li><li>Nach Deiner Ausbildung hast Du beste Chancen, mit uns weiter zu wachsen und von beruflichen Weiterbildungsma\u00dfnahmen zu profitieren.<\/li><\/ul><p style=\"font-weight: 400;\">Bei Interesse freuen wir uns \u00fcber eine Bewerbung online an Frau Franzke: <a href=\"mailto:franzke@kurtmueller.com\">franzke@kurtmueller.com<\/a><\/p>\t\t\t\t\t\t\t\t<\/div>\n\t\t\t\t<\/div>\n\t\t\t\t\t<\/div>\n\t\t<\/div>\n\t\t\t\t\t<\/div>\n\t\t<\/section>\n\t\t\t\t<section class=\"elementor-section elementor-top-section elementor-element elementor-element-d6138f7 elementor-section-height-min-height elementor-section-boxed elementor-section-height-default elementor-section-items-middle\" data-id=\"d6138f7\" data-element_type=\"section\" data-settings=\"{&quot;background_background&quot;:&quot;classic&quot;}\">\n\t\t\t\t\t\t<div class=\"elementor-container elementor-column-gap-default\">\n\t\t\t\t\t<div class=\"elementor-column elementor-col-100 elementor-top-column elementor-element elementor-element-dda2e21\" data-id=\"dda2e21\" data-element_type=\"column\">\n\t\t\t<div class=\"elementor-widget-wrap\">\n\t\t\t\t\t\t\t<\/div>\n\t\t<\/div>\n\t\t\t\t\t<\/div>\n\t\t<\/section>\n\t\t\t\t<\/div>","protected":false},"excerpt":{"rendered":"<p>Auszubildenden zum Maschinen- und Anlagenf\u00fchrer (m\/w\/d) Wir sind ein mittelst\u00e4ndisches Unternehmen mit einer \u00fcber 100-j\u00e4hrigen Firmenhistorie in der Entwicklung und Herstellung und im weltweiten Vertrieb von Schwingteilen f\u00fcr die Lautsprecherindustrie. Unser Hauptfirmenstandort in Deutschland ist Krefeld-H\u00fcls neben einer Niederlassung in England und einem Kooperationspartner in Tschechien. Unsere Produkte werden von der Idee bis zur Produktion [&hellip;]<\/p>","protected":false},"author":1,"featured_media":0,"parent":0,"menu_order":0,"comment_status":"closed","ping_status":"closed","template":"elementor_header_footer","meta":{"ocean_post_layout":"full-screen","ocean_both_sidebars_style":"","ocean_both_sidebars_content_width":0,"ocean_both_sidebars_sidebars_width":0,"ocean_sidebar":"0","ocean_second_sidebar":"0","ocean_disable_margins":"enable","ocean_add_body_class":"","ocean_shortcode_before_top_bar":"","ocean_shortcode_after_top_bar":"","ocean_shortcode_before_header":"","ocean_shortcode_after_header":"","ocean_has_shortcode":"","ocean_shortcode_after_title":"","ocean_shortcode_before_footer_widgets":"","ocean_shortcode_after_footer_widgets":"","ocean_shortcode_before_footer_bottom":"","ocean_shortcode_after_footer_bottom":"","ocean_display_top_bar":"off","ocean_display_header":"default","ocean_header_style":"","ocean_center_header_left_menu":"0","ocean_custom_header_template":"0","ocean_custom_logo":0,"ocean_custom_retina_logo":0,"ocean_custom_logo_max_width":0,"ocean_custom_logo_tablet_max_width":0,"ocean_custom_logo_mobile_max_width":0,"ocean_custom_logo_max_height":0,"ocean_custom_logo_tablet_max_height":0,"ocean_custom_logo_mobile_max_height":0,"ocean_header_custom_menu":"0","ocean_menu_typo_font_family":"0","ocean_menu_typo_font_subset":"","ocean_menu_typo_font_size":0,"ocean_menu_typo_font_size_tablet":0,"ocean_menu_typo_font_size_mobile":0,"ocean_menu_typo_font_size_unit":"px","ocean_menu_typo_font_weight":"","ocean_menu_typo_font_weight_tablet":"","ocean_menu_typo_font_weight_mobile":"","ocean_menu_typo_transform":"","ocean_menu_typo_transform_tablet":"","ocean_menu_typo_transform_mobile":"","ocean_menu_typo_line_height":0,"ocean_menu_typo_line_height_tablet":0,"ocean_menu_typo_line_height_mobile":0,"ocean_menu_typo_line_height_unit":"","ocean_menu_typo_spacing":0,"ocean_menu_typo_spacing_tablet":0,"ocean_menu_typo_spacing_mobile":0,"ocean_menu_typo_spacing_unit":"","ocean_menu_link_color":"","ocean_menu_link_color_hover":"","ocean_menu_link_color_active":"#000000","ocean_menu_link_background":"#000000","ocean_menu_link_hover_background":"","ocean_menu_link_active_background":"#000000","ocean_menu_social_links_bg":"","ocean_menu_social_hover_links_bg":"","ocean_menu_social_links_color":"","ocean_menu_social_hover_links_color":"","ocean_disable_title":"on","ocean_disable_heading":"default","ocean_post_title":"","ocean_post_subheading":"","ocean_post_title_style":"","ocean_post_title_background_color":"","ocean_post_title_background":0,"ocean_post_title_bg_image_position":"","ocean_post_title_bg_image_attachment":"","ocean_post_title_bg_image_repeat":"","ocean_post_title_bg_image_size":"","ocean_post_title_height":0,"ocean_post_title_bg_overlay":0.5,"ocean_post_title_bg_overlay_color":"","ocean_disable_breadcrumbs":"off","ocean_breadcrumbs_color":"","ocean_breadcrumbs_separator_color":"","ocean_breadcrumbs_links_color":"","ocean_breadcrumbs_links_hover_color":"","ocean_display_footer_widgets":"default","ocean_display_footer_bottom":"default","ocean_custom_footer_template":"0","footnotes":""},"class_list":["post-2475","page","type-page","status-publish","hentry","entry"],"_links":{"self":[{"href":"https:\/\/kurtmueller.com\/en\/wp-json\/wp\/v2\/pages\/2475","targetHints":{"allow":["GET"]}}],"collection":[{"href":"https:\/\/kurtmueller.com\/en\/wp-json\/wp\/v2\/pages"}],"about":[{"href":"https:\/\/kurtmueller.com\/en\/wp-json\/wp\/v2\/types\/page"}],"author":[{"embeddable":true,"href":"https:\/\/kurtmueller.com\/en\/wp-json\/wp\/v2\/users\/1"}],"replies":[{"embeddable":true,"href":"https:\/\/kurtmueller.com\/en\/wp-json\/wp\/v2\/comments?post=2475"}],"version-history":[{"count":8,"href":"https:\/\/kurtmueller.com\/en\/wp-json\/wp\/v2\/pages\/2475\/revisions"}],"predecessor-version":[{"id":2567,"href":"https:\/\/kurtmueller.com\/en\/wp-json\/wp\/v2\/pages\/2475\/revisions\/2567"}],"wp:attachment":[{"href":"https:\/\/kurtmueller.com\/en\/wp-json\/wp\/v2\/media?parent=2475"}],"curies":[{"name":"wp","href":"https:\/\/api.w.org\/{rel}","templated":true}]}}