{"id":2470,"date":"2025-07-08T12:50:32","date_gmt":"2025-07-08T10:50:32","guid":{"rendered":"http:\/\/wp13470711.server-he.de\/?page_id=2470"},"modified":"2026-03-05T20:12:25","modified_gmt":"2026-03-05T19:12:25","slug":"stelle-fuer-werkstudent","status":"publish","type":"page","link":"https:\/\/kurtmueller.com\/en\/stelle-fuer-werkstudent\/","title":{"rendered":"Stelle f\u00fcr Werkstudent (m\/w\/d)"},"content":{"rendered":"<div data-elementor-type=\"wp-page\" data-elementor-id=\"2470\" class=\"elementor elementor-2470\">\n\t\t\t\t\t\t<section class=\"elementor-section elementor-top-section elementor-element elementor-element-46a289a elementor-section-height-min-height elementor-section-boxed elementor-section-height-default elementor-section-items-middle\" data-id=\"46a289a\" data-element_type=\"section\" data-settings=\"{&quot;background_background&quot;:&quot;classic&quot;}\">\n\t\t\t\t\t\t\t<div class=\"elementor-background-overlay\"><\/div>\n\t\t\t\t\t\t\t<div class=\"elementor-container elementor-column-gap-default\">\n\t\t\t\t\t<div class=\"elementor-column elementor-col-50 elementor-top-column elementor-element elementor-element-377a092\" data-id=\"377a092\" data-element_type=\"column\">\n\t\t\t<div class=\"elementor-widget-wrap\">\n\t\t\t\t\t\t\t<\/div>\n\t\t<\/div>\n\t\t\t\t<div class=\"elementor-column elementor-col-50 elementor-top-column elementor-element elementor-element-ca30b8d\" data-id=\"ca30b8d\" data-element_type=\"column\">\n\t\t\t<div class=\"elementor-widget-wrap elementor-element-populated\">\n\t\t\t\t\t\t<div class=\"elementor-element elementor-element-9a4a2e1 elementor-widget elementor-widget-image\" data-id=\"9a4a2e1\" data-element_type=\"widget\" data-widget_type=\"image.default\">\n\t\t\t\t<div class=\"elementor-widget-container\">\n\t\t\t\t\t\t\t\t\t\t\t\t\t\t\t<img fetchpriority=\"high\" decoding=\"async\" width=\"644\" height=\"160\" src=\"https:\/\/kurtmueller.com\/wp-content\/uploads\/2022\/06\/Zeichenflaeche-2.png\" class=\"attachment-large size-large wp-image-1126\" alt=\"\" srcset=\"https:\/\/kurtmueller.com\/wp-content\/uploads\/2022\/06\/Zeichenflaeche-2.png 644w, https:\/\/kurtmueller.com\/wp-content\/uploads\/2022\/06\/Zeichenflaeche-2-300x75.png 300w, https:\/\/kurtmueller.com\/wp-content\/uploads\/2022\/06\/Zeichenflaeche-2-18x4.png 18w\" sizes=\"(max-width: 644px) 100vw, 644px\" \/>\t\t\t\t\t\t\t\t\t\t\t\t\t\t\t<\/div>\n\t\t\t\t<\/div>\n\t\t\t\t\t<\/div>\n\t\t<\/div>\n\t\t\t\t\t<\/div>\n\t\t<\/section>\n\t\t\t\t<section class=\"elementor-section elementor-top-section elementor-element elementor-element-edac24d elementor-section-boxed elementor-section-height-default elementor-section-height-default\" data-id=\"edac24d\" data-element_type=\"section\">\n\t\t\t\t\t\t<div class=\"elementor-container elementor-column-gap-default\">\n\t\t\t\t\t<div class=\"elementor-column elementor-col-100 elementor-top-column elementor-element elementor-element-0c3a6ec\" data-id=\"0c3a6ec\" data-element_type=\"column\">\n\t\t\t<div class=\"elementor-widget-wrap elementor-element-populated\">\n\t\t\t\t\t\t<div class=\"elementor-element elementor-element-e553db7 elementor-widget elementor-widget-heading\" data-id=\"e553db7\" data-element_type=\"widget\" data-widget_type=\"heading.default\">\n\t\t\t\t<div class=\"elementor-widget-container\">\n\t\t\t\t\t<h1 class=\"elementor-heading-title elementor-size-default\">Stelle f\u00fcr Werkstudent (m\/w\/d), \nAbschlussarbeit oder Praktikum\nim Bereich Betriebstechnik\/Prozessoptimierung \n<\/h1>\t\t\t\t<\/div>\n\t\t\t\t<\/div>\n\t\t\t\t<div class=\"elementor-element elementor-element-2ccd343 elementor-widget elementor-widget-text-editor\" data-id=\"2ccd343\" data-element_type=\"widget\" data-widget_type=\"text-editor.default\">\n\t\t\t\t<div class=\"elementor-widget-container\">\n\t\t\t\t\t\t\t\t\t<p style=\"font-weight: 400;\">Wir sind ein f\u00fchrendes, mittelst\u00e4ndisches Unternehmen in der Entwicklung und Herstellung von Membranen sowie anderen Schwingteilen f\u00fcr die Lautsprecherindustrie. Unsere internationalen Kunden sind neben der Automobilindustrie die namenhaften Lautsprecherfirmen im \u201eHigh End\u201c- sowie im PA-Bereich.<\/p>\n<p style=\"font-weight: 400;\">Unser Hauptfirmenstandort ist Krefeld. Zudem produzieren wir einen Teil der Produktpalette auch in unserem Tochterunternehmen in England sowie in Tschechien.<\/p>\n<p style=\"font-weight: 400;\">Du m\u00f6chtest praktische Erfahrung sammeln und dein Wissen in einem echten Projekt anwenden? Wir bieten dir die M\u00f6glichkeit, uns als<\/p>\n<ul style=\"font-weight: 400;\">\n<li><strong>Werkstudent (m\/w\/d)<\/strong>,<\/li>\n<li><strong>Praktikant (m\/w\/d)<\/strong> (Pflicht- oder freiwillig) oder<\/li>\n<li><strong>Abschlussarbeiter (m\/w\/d)<\/strong> (Bachelor oder Master)<\/li>\n<\/ul>\n<p style=\"font-weight: 400;\">zu unterst\u00fctzen.<\/p>\n<p style=\"font-weight: 400;\"><strong>&nbsp;<\/strong><strong>Deine Aufgaben:<\/strong><\/p>\n<p style=\"font-weight: 400;\">Du unterst\u00fctzt unser Team bei verschiedenen Entwicklungsprojekten und bekommst dabei einen praktischen Einblick in unsere technische Umgebung.<\/p>\n<p style=\"font-weight: 400;\">M\u00f6gliche Aufgabenbereiche sind:<\/p>\n<ul style=\"font-weight: 400;\">\n<li>Mitarbeit bei der Entwicklung einer automatisierten Prozessdatenerfassung<\/li>\n<li>Unterst\u00fctzung beim Prototypenbau von elektronischen Ger\u00e4ten \u2013 z.\u202fB. durch Auswahl geeigneter Komponenten, Arbeit mit Arduino-Systemen, einfache L\u00f6tarbeiten sowie das Entwerfen von Geh\u00e4usen<\/li>\n<li>Mitwirkung an Softwareprojekten im Bereich Python (RPi) und C++ (Arduino)<\/li>\n<\/ul>\n<p style=\"font-weight: 400;\">Je nach Qualifikation und Interesse kannst du einzelne Themen vertiefen oder mehrere Bereiche kennenlernen. Wir achten darauf, dich nicht allein zu lassen \u2013 fachliche Unterst\u00fctzung und eine strukturierte Einarbeitung sind selbstverst\u00e4ndlich.<\/p>\n<p style=\"font-weight: 400;\"><strong>Das solltest du mitbringen:<\/strong><\/p>\n<ul style=\"font-weight: 400;\">\n<li>Laufendes Studium im Bereich Informatik, Elektrotechnik, Mechatronik oder vergleich\u00adbaren Bereichen<\/li>\n<li>Strukturierte und gewissenhafte Arbeitsweise<\/li>\n<li>Schnelle Auffassungsgabe und Spa\u00df an der Arbeit im Team<\/li>\n<li>Kommunikationsf\u00e4higkeit mit guten Deutschkenntnissen (mind. C1)<\/li>\n<li>Vorkenntnisse in&nbsp;Python, C++, Microcontrollern, 3D-Druckern, Office sind w\u00fcnschenswert<\/li>\n<\/ul>\n<p style=\"font-weight: 400;\"><strong>&nbsp;<\/strong><strong>Darauf kannst du dich freuen:<\/strong><\/p>\n<ul style=\"font-weight: 400;\">\n<li>Spannende Themen im Bereich der Digitalisierung<\/li>\n<li>Selbstst\u00e4ndiges Arbeiten und Raum f\u00fcr Eigenverantwortung<\/li>\n<li>Ein tolles Team und eine wertsch\u00e4tzende Atmosph\u00e4re<\/li>\n<li>Einen m\u00f6glichen Direkteinstieg nach dem Studium<\/li>\n<li>Eine intensive Betreuung und Hilfestellung<\/li>\n<\/ul>\n<p style=\"font-weight: 400;\"><strong>&nbsp;<\/strong><\/p>\n<p style=\"font-weight: 400;\">Haben wir Dein Interesse geweckt? Dann sende uns bitte Deine Bewerbungsunterlagen online an: <a href=\"mailto:jobs@kurtmueller.com\">franzke@kurtmueller.com<\/a>&nbsp;.<\/p>\n<p style=\"font-weight: 400;\">\n<\/p>\t\t\t\t\t\t\t\t<\/div>\n\t\t\t\t<\/div>\n\t\t\t\t\t<\/div>\n\t\t<\/div>\n\t\t\t\t\t<\/div>\n\t\t<\/section>\n\t\t\t\t<section class=\"elementor-section elementor-top-section elementor-element elementor-element-d6138f7 elementor-section-height-min-height elementor-section-boxed elementor-section-height-default elementor-section-items-middle\" data-id=\"d6138f7\" data-element_type=\"section\" data-settings=\"{&quot;background_background&quot;:&quot;classic&quot;}\">\n\t\t\t\t\t\t<div class=\"elementor-container elementor-column-gap-default\">\n\t\t\t\t\t<div class=\"elementor-column elementor-col-100 elementor-top-column elementor-element elementor-element-dda2e21\" data-id=\"dda2e21\" data-element_type=\"column\">\n\t\t\t<div class=\"elementor-widget-wrap\">\n\t\t\t\t\t\t\t<\/div>\n\t\t<\/div>\n\t\t\t\t\t<\/div>\n\t\t<\/section>\n\t\t\t\t<\/div>","protected":false},"excerpt":{"rendered":"<p>Stelle f\u00fcr Werkstudent (m\/w\/d), Abschlussarbeit oder Praktikum im Bereich Betriebstechnik\/Prozessoptimierung Wir sind ein f\u00fchrendes, mittelst\u00e4ndisches Unternehmen in der Entwicklung und Herstellung von Membranen sowie anderen Schwingteilen f\u00fcr die Lautsprecherindustrie. Unsere internationalen Kunden sind neben der Automobilindustrie die namenhaften Lautsprecherfirmen im \u201eHigh End\u201c- sowie im PA-Bereich. Unser Hauptfirmenstandort ist Krefeld. Zudem produzieren wir einen Teil der [&hellip;]<\/p>","protected":false},"author":1,"featured_media":0,"parent":0,"menu_order":0,"comment_status":"closed","ping_status":"closed","template":"elementor_header_footer","meta":{"ocean_post_layout":"full-screen","ocean_both_sidebars_style":"","ocean_both_sidebars_content_width":0,"ocean_both_sidebars_sidebars_width":0,"ocean_sidebar":"0","ocean_second_sidebar":"0","ocean_disable_margins":"enable","ocean_add_body_class":"","ocean_shortcode_before_top_bar":"","ocean_shortcode_after_top_bar":"","ocean_shortcode_before_header":"","ocean_shortcode_after_header":"","ocean_has_shortcode":"","ocean_shortcode_after_title":"","ocean_shortcode_before_footer_widgets":"","ocean_shortcode_after_footer_widgets":"","ocean_shortcode_before_footer_bottom":"","ocean_shortcode_after_footer_bottom":"","ocean_display_top_bar":"off","ocean_display_header":"default","ocean_header_style":"","ocean_center_header_left_menu":"0","ocean_custom_header_template":"0","ocean_custom_logo":0,"ocean_custom_retina_logo":0,"ocean_custom_logo_max_width":0,"ocean_custom_logo_tablet_max_width":0,"ocean_custom_logo_mobile_max_width":0,"ocean_custom_logo_max_height":0,"ocean_custom_logo_tablet_max_height":0,"ocean_custom_logo_mobile_max_height":0,"ocean_header_custom_menu":"0","ocean_menu_typo_font_family":"0","ocean_menu_typo_font_subset":"","ocean_menu_typo_font_size":0,"ocean_menu_typo_font_size_tablet":0,"ocean_menu_typo_font_size_mobile":0,"ocean_menu_typo_font_size_unit":"px","ocean_menu_typo_font_weight":"","ocean_menu_typo_font_weight_tablet":"","ocean_menu_typo_font_weight_mobile":"","ocean_menu_typo_transform":"","ocean_menu_typo_transform_tablet":"","ocean_menu_typo_transform_mobile":"","ocean_menu_typo_line_height":0,"ocean_menu_typo_line_height_tablet":0,"ocean_menu_typo_line_height_mobile":0,"ocean_menu_typo_line_height_unit":"","ocean_menu_typo_spacing":0,"ocean_menu_typo_spacing_tablet":0,"ocean_menu_typo_spacing_mobile":0,"ocean_menu_typo_spacing_unit":"","ocean_menu_link_color":"","ocean_menu_link_color_hover":"","ocean_menu_link_color_active":"#000000","ocean_menu_link_background":"#000000","ocean_menu_link_hover_background":"","ocean_menu_link_active_background":"#000000","ocean_menu_social_links_bg":"","ocean_menu_social_hover_links_bg":"","ocean_menu_social_links_color":"","ocean_menu_social_hover_links_color":"","ocean_disable_title":"on","ocean_disable_heading":"default","ocean_post_title":"","ocean_post_subheading":"","ocean_post_title_style":"","ocean_post_title_background_color":"","ocean_post_title_background":0,"ocean_post_title_bg_image_position":"","ocean_post_title_bg_image_attachment":"","ocean_post_title_bg_image_repeat":"","ocean_post_title_bg_image_size":"","ocean_post_title_height":0,"ocean_post_title_bg_overlay":0.5,"ocean_post_title_bg_overlay_color":"","ocean_disable_breadcrumbs":"off","ocean_breadcrumbs_color":"","ocean_breadcrumbs_separator_color":"","ocean_breadcrumbs_links_color":"","ocean_breadcrumbs_links_hover_color":"","ocean_display_footer_widgets":"default","ocean_display_footer_bottom":"default","ocean_custom_footer_template":"0","footnotes":""},"class_list":["post-2470","page","type-page","status-publish","hentry","entry"],"_links":{"self":[{"href":"https:\/\/kurtmueller.com\/en\/wp-json\/wp\/v2\/pages\/2470","targetHints":{"allow":["GET"]}}],"collection":[{"href":"https:\/\/kurtmueller.com\/en\/wp-json\/wp\/v2\/pages"}],"about":[{"href":"https:\/\/kurtmueller.com\/en\/wp-json\/wp\/v2\/types\/page"}],"author":[{"embeddable":true,"href":"https:\/\/kurtmueller.com\/en\/wp-json\/wp\/v2\/users\/1"}],"replies":[{"embeddable":true,"href":"https:\/\/kurtmueller.com\/en\/wp-json\/wp\/v2\/comments?post=2470"}],"version-history":[{"count":7,"href":"https:\/\/kurtmueller.com\/en\/wp-json\/wp\/v2\/pages\/2470\/revisions"}],"predecessor-version":[{"id":2564,"href":"https:\/\/kurtmueller.com\/en\/wp-json\/wp\/v2\/pages\/2470\/revisions\/2564"}],"wp:attachment":[{"href":"https:\/\/kurtmueller.com\/en\/wp-json\/wp\/v2\/media?parent=2470"}],"curies":[{"name":"wp","href":"https:\/\/api.w.org\/{rel}","templated":true}]}}