{"id":2442,"date":"2025-07-08T12:22:42","date_gmt":"2025-07-08T10:22:42","guid":{"rendered":"http:\/\/wp13470711.server-he.de\/?page_id=2442"},"modified":"2025-07-08T12:24:37","modified_gmt":"2025-07-08T10:24:37","slug":"projektingenieur-im-bereich-entwicklung-m-w-d-copy","status":"publish","type":"page","link":"https:\/\/kurtmueller.com\/en\/projektingenieur-im-bereich-entwicklung-m-w-d-copy\/","title":{"rendered":"Werkzeugmechaniker (m\/w\/d)\u00a0"},"content":{"rendered":"<div data-elementor-type=\"wp-page\" data-elementor-id=\"2442\" class=\"elementor elementor-2442\">\n\t\t\t\t\t\t<section class=\"elementor-section elementor-top-section elementor-element elementor-element-46a289a elementor-section-height-min-height elementor-section-boxed elementor-section-height-default elementor-section-items-middle\" data-id=\"46a289a\" data-element_type=\"section\" data-settings=\"{&quot;background_background&quot;:&quot;classic&quot;}\">\n\t\t\t\t\t\t\t<div class=\"elementor-background-overlay\"><\/div>\n\t\t\t\t\t\t\t<div class=\"elementor-container elementor-column-gap-default\">\n\t\t\t\t\t<div class=\"elementor-column elementor-col-50 elementor-top-column elementor-element elementor-element-377a092\" data-id=\"377a092\" data-element_type=\"column\">\n\t\t\t<div class=\"elementor-widget-wrap\">\n\t\t\t\t\t\t\t<\/div>\n\t\t<\/div>\n\t\t\t\t<div class=\"elementor-column elementor-col-50 elementor-top-column elementor-element elementor-element-ca30b8d\" data-id=\"ca30b8d\" data-element_type=\"column\">\n\t\t\t<div class=\"elementor-widget-wrap elementor-element-populated\">\n\t\t\t\t\t\t<div class=\"elementor-element elementor-element-9a4a2e1 elementor-widget elementor-widget-image\" data-id=\"9a4a2e1\" data-element_type=\"widget\" data-widget_type=\"image.default\">\n\t\t\t\t<div class=\"elementor-widget-container\">\n\t\t\t\t\t\t\t\t\t\t\t\t\t\t\t<img fetchpriority=\"high\" decoding=\"async\" width=\"644\" height=\"160\" src=\"https:\/\/kurtmueller.com\/wp-content\/uploads\/2022\/06\/Zeichenflaeche-2.png\" class=\"attachment-large size-large wp-image-1126\" alt=\"\" srcset=\"https:\/\/kurtmueller.com\/wp-content\/uploads\/2022\/06\/Zeichenflaeche-2.png 644w, https:\/\/kurtmueller.com\/wp-content\/uploads\/2022\/06\/Zeichenflaeche-2-300x75.png 300w, https:\/\/kurtmueller.com\/wp-content\/uploads\/2022\/06\/Zeichenflaeche-2-18x4.png 18w\" sizes=\"(max-width: 644px) 100vw, 644px\" \/>\t\t\t\t\t\t\t\t\t\t\t\t\t\t\t<\/div>\n\t\t\t\t<\/div>\n\t\t\t\t\t<\/div>\n\t\t<\/div>\n\t\t\t\t\t<\/div>\n\t\t<\/section>\n\t\t\t\t<section class=\"elementor-section elementor-top-section elementor-element elementor-element-edac24d elementor-section-boxed elementor-section-height-default elementor-section-height-default\" data-id=\"edac24d\" data-element_type=\"section\">\n\t\t\t\t\t\t<div class=\"elementor-container elementor-column-gap-default\">\n\t\t\t\t\t<div class=\"elementor-column elementor-col-100 elementor-top-column elementor-element elementor-element-0c3a6ec\" data-id=\"0c3a6ec\" data-element_type=\"column\">\n\t\t\t<div class=\"elementor-widget-wrap elementor-element-populated\">\n\t\t\t\t\t\t<div class=\"elementor-element elementor-element-e553db7 elementor-widget elementor-widget-heading\" data-id=\"e553db7\" data-element_type=\"widget\" data-widget_type=\"heading.default\">\n\t\t\t\t<div class=\"elementor-widget-container\">\n\t\t\t\t\t<h1 class=\"elementor-heading-title elementor-size-default\">Werkzeugmechaniker (m\/w\/d) <\/h1>\t\t\t\t<\/div>\n\t\t\t\t<\/div>\n\t\t\t\t<div class=\"elementor-element elementor-element-2ccd343 elementor-widget elementor-widget-text-editor\" data-id=\"2ccd343\" data-element_type=\"widget\" data-widget_type=\"text-editor.default\">\n\t\t\t\t<div class=\"elementor-widget-container\">\n\t\t\t\t\t\t\t\t\t<p style=\"font-weight: 400;\">Wir sind ein f\u00fchrendes, mittelst\u00e4ndisches Unternehmen in der Entwicklung und Herstellung von Membranen sowie anderen Schwingteilen f\u00fcr die Lautsprecherindustrie. Unsere internationalen Kunden sind neben der Automobilindustrie die namenhaften Lautsprecherfirmen im \u201eHigh End\u201c- sowie im PA-Bereich.<\/p><p style=\"font-weight: 400;\">Unser Hauptfirmenstandort ist Krefeld. Zudem produzieren wir einen Teil der Produktpalette auch in unserem Tochterunternehmen in England sowie in Tschechien.<\/p><p style=\"font-weight: 400;\">Zur Verst\u00e4rkung unseres Teams in Krefeld suchen wir einen:<\/p><p style=\"font-weight: 400;\"><strong>Werkzeugmechaniker (m\/w\/d) <\/strong><\/p><p style=\"font-weight: 400;\"><strong>Ihre Aufgaben:<\/strong><\/p><ul><li>Herstellung, Wartung und Reparatur von <strong>Pr\u00e4zisionswerkzeugen<\/strong>, insbesondere Werkzeuge zur Herstellung von Lautsprecherschwingteilen (Form-, Stanz- und Vulkanisierwerkzeuge)<\/li><li>Montage und Justierung von <strong>Werkzeugen<\/strong><\/li><li>Durchf\u00fchrung von <strong>Feinbearbeitungen<\/strong> (z.\u202fB. Schleifen, Fr\u00e4sen, Drehen, Bohren)<\/li><li><strong>Instandhaltung und Optimierung<\/strong> bestehender Werkzeuge<\/li><li>Pr\u00fcfung von Ma\u00dfhaltigkeit und Funktion mit <strong>Mess- und Pr\u00fcfmitteln<\/strong><\/li><li>Zusammenarbeit mit Konstruktion und Fertigung bei Neuentwicklungen und \u00c4nderungen<\/li><li>Dokumentation der durchgef\u00fchrten Arbeiten und ggf. Erstellung von Pr\u00fcfprotokollen<\/li><\/ul><p style=\"font-weight: 400;\"><strong>\u00a0<\/strong><\/p><p style=\"font-weight: 400;\"><strong>Ihr Profil<\/strong>:<\/p><ul><li>Abgeschlossene Berufsausbildung als <strong>Werkzeugmechaniker*in<\/strong>, <strong>Feinwerkmechaniker*in<\/strong> oder vergleichbare Qualifikation<\/li><li>Sicherer Umgang mit <strong>konventionellen und CNC-gesteuerten Werkzeugmaschinen<\/strong><\/li><li>Gutes technisches Verst\u00e4ndnis und <strong>pr\u00e4zise, selbstst\u00e4ndige Arbeitsweise<\/strong><\/li><li>Teamf\u00e4higkeit, Verantwortungsbewusstsein und Zuverl\u00e4ssigkeit<\/li><\/ul><p style=\"font-weight: 400;\"><strong>\u00a0<\/strong><\/p><p style=\"font-weight: 400;\"><strong>Unser Angebot:<\/strong><\/p><ul><li>Einen sicheren Arbeitsplatz in einem guten Umfeld<\/li><li>Abwechslungsreiche Aufgaben in einem qualifizierten Team<\/li><li>Weiterbildungsm\u00f6glichkeiten und berufliche Entwicklungschancen<\/li><li>Kollegiales Betriebsklima und kurze Entscheidungswege<\/li><li>Intensive Einarbeitung<\/li><li>30 Tage Urlaub<\/li><li>Urlaubs- und Weihnachtsgeld<\/li><li>Betriebliche Altersvorsorge<\/li><li>Kostenlose Mitarbeiterparkpl\u00e4tze<\/li><li>Bikeleasing<\/li><li>Einen werkseigenen Mitarbeiterparkplatz direkt auf dem Betriebsgel\u00e4nde<\/li><li>Gute Verkehrsanbindung mit dem \u00d6PNV<\/li><\/ul><p style=\"font-weight: 400;\">\u00a0<\/p><p class=\"p1\"><span style=\"font-weight: 400;\">Haben Sie Interesse an einer attraktiven Herausforderung? Dann senden Sie uns bitte Ihre Bewerbungsunterlagen unter Angabe Ihres fr\u00fchestm\u00f6glichen Eintrittstermins und Ihrer Gehaltsvorstellung online an: <\/span><span style=\"font-weight: 400;\"><a href=\"mailto:franzke@kurtmueller.com\">franzke@kurtmueller.com<\/a><\/span><\/p><p class=\"p1\">\u00a0<\/p>\t\t\t\t\t\t\t\t<\/div>\n\t\t\t\t<\/div>\n\t\t\t\t\t<\/div>\n\t\t<\/div>\n\t\t\t\t\t<\/div>\n\t\t<\/section>\n\t\t\t\t<section class=\"elementor-section elementor-top-section elementor-element elementor-element-d6138f7 elementor-section-height-min-height elementor-section-boxed elementor-section-height-default elementor-section-items-middle\" data-id=\"d6138f7\" data-element_type=\"section\" data-settings=\"{&quot;background_background&quot;:&quot;classic&quot;}\">\n\t\t\t\t\t\t<div class=\"elementor-container elementor-column-gap-default\">\n\t\t\t\t\t<div class=\"elementor-column elementor-col-100 elementor-top-column elementor-element elementor-element-dda2e21\" data-id=\"dda2e21\" data-element_type=\"column\">\n\t\t\t<div class=\"elementor-widget-wrap\">\n\t\t\t\t\t\t\t<\/div>\n\t\t<\/div>\n\t\t\t\t\t<\/div>\n\t\t<\/section>\n\t\t\t\t<\/div>","protected":false},"excerpt":{"rendered":"<p>Werkzeugmechaniker (m\/w\/d) Wir sind ein f\u00fchrendes, mittelst\u00e4ndisches Unternehmen in der Entwicklung und Herstellung von Membranen sowie anderen Schwingteilen f\u00fcr die Lautsprecherindustrie. Unsere internationalen Kunden sind neben der Automobilindustrie die namenhaften Lautsprecherfirmen im \u201eHigh End\u201c- sowie im PA-Bereich. Unser Hauptfirmenstandort ist Krefeld. Zudem produzieren wir einen Teil der Produktpalette auch in unserem Tochterunternehmen in England sowie [&hellip;]<\/p>","protected":false},"author":1,"featured_media":0,"parent":0,"menu_order":0,"comment_status":"closed","ping_status":"closed","template":"elementor_header_footer","meta":{"ocean_post_layout":"full-screen","ocean_both_sidebars_style":"","ocean_both_sidebars_content_width":0,"ocean_both_sidebars_sidebars_width":0,"ocean_sidebar":"0","ocean_second_sidebar":"0","ocean_disable_margins":"enable","ocean_add_body_class":"","ocean_shortcode_before_top_bar":"","ocean_shortcode_after_top_bar":"","ocean_shortcode_before_header":"","ocean_shortcode_after_header":"","ocean_has_shortcode":"","ocean_shortcode_after_title":"","ocean_shortcode_before_footer_widgets":"","ocean_shortcode_after_footer_widgets":"","ocean_shortcode_before_footer_bottom":"","ocean_shortcode_after_footer_bottom":"","ocean_display_top_bar":"off","ocean_display_header":"default","ocean_header_style":"","ocean_center_header_left_menu":"0","ocean_custom_header_template":"0","ocean_custom_logo":0,"ocean_custom_retina_logo":0,"ocean_custom_logo_max_width":0,"ocean_custom_logo_tablet_max_width":0,"ocean_custom_logo_mobile_max_width":0,"ocean_custom_logo_max_height":0,"ocean_custom_logo_tablet_max_height":0,"ocean_custom_logo_mobile_max_height":0,"ocean_header_custom_menu":"0","ocean_menu_typo_font_family":"0","ocean_menu_typo_font_subset":"","ocean_menu_typo_font_size":0,"ocean_menu_typo_font_size_tablet":0,"ocean_menu_typo_font_size_mobile":0,"ocean_menu_typo_font_size_unit":"px","ocean_menu_typo_font_weight":"","ocean_menu_typo_font_weight_tablet":"","ocean_menu_typo_font_weight_mobile":"","ocean_menu_typo_transform":"","ocean_menu_typo_transform_tablet":"","ocean_menu_typo_transform_mobile":"","ocean_menu_typo_line_height":0,"ocean_menu_typo_line_height_tablet":0,"ocean_menu_typo_line_height_mobile":0,"ocean_menu_typo_line_height_unit":"","ocean_menu_typo_spacing":0,"ocean_menu_typo_spacing_tablet":0,"ocean_menu_typo_spacing_mobile":0,"ocean_menu_typo_spacing_unit":"","ocean_menu_link_color":"","ocean_menu_link_color_hover":"","ocean_menu_link_color_active":"#000000","ocean_menu_link_background":"#000000","ocean_menu_link_hover_background":"","ocean_menu_link_active_background":"#000000","ocean_menu_social_links_bg":"","ocean_menu_social_hover_links_bg":"","ocean_menu_social_links_color":"","ocean_menu_social_hover_links_color":"","ocean_disable_title":"on","ocean_disable_heading":"default","ocean_post_title":"","ocean_post_subheading":"","ocean_post_title_style":"","ocean_post_title_background_color":"","ocean_post_title_background":0,"ocean_post_title_bg_image_position":"","ocean_post_title_bg_image_attachment":"","ocean_post_title_bg_image_repeat":"","ocean_post_title_bg_image_size":"","ocean_post_title_height":0,"ocean_post_title_bg_overlay":0.5,"ocean_post_title_bg_overlay_color":"","ocean_disable_breadcrumbs":"off","ocean_breadcrumbs_color":"","ocean_breadcrumbs_separator_color":"","ocean_breadcrumbs_links_color":"","ocean_breadcrumbs_links_hover_color":"","ocean_display_footer_widgets":"default","ocean_display_footer_bottom":"default","ocean_custom_footer_template":"0","footnotes":""},"class_list":["post-2442","page","type-page","status-publish","hentry","entry"],"_links":{"self":[{"href":"https:\/\/kurtmueller.com\/en\/wp-json\/wp\/v2\/pages\/2442","targetHints":{"allow":["GET"]}}],"collection":[{"href":"https:\/\/kurtmueller.com\/en\/wp-json\/wp\/v2\/pages"}],"about":[{"href":"https:\/\/kurtmueller.com\/en\/wp-json\/wp\/v2\/types\/page"}],"author":[{"embeddable":true,"href":"https:\/\/kurtmueller.com\/en\/wp-json\/wp\/v2\/users\/1"}],"replies":[{"embeddable":true,"href":"https:\/\/kurtmueller.com\/en\/wp-json\/wp\/v2\/comments?post=2442"}],"version-history":[{"count":4,"href":"https:\/\/kurtmueller.com\/en\/wp-json\/wp\/v2\/pages\/2442\/revisions"}],"predecessor-version":[{"id":2446,"href":"https:\/\/kurtmueller.com\/en\/wp-json\/wp\/v2\/pages\/2442\/revisions\/2446"}],"wp:attachment":[{"href":"https:\/\/kurtmueller.com\/en\/wp-json\/wp\/v2\/media?parent=2442"}],"curies":[{"name":"wp","href":"https:\/\/api.w.org\/{rel}","templated":true}]}}