{"id":120,"date":"2020-03-11T11:51:18","date_gmt":"2020-03-11T10:51:18","guid":{"rendered":"http:\/\/wp13470711.server-he.de\/?page_id=120"},"modified":"2023-03-09T10:53:53","modified_gmt":"2023-03-09T09:53:53","slug":"kalotten-membranen","status":"publish","type":"page","link":"https:\/\/kurtmueller.com\/en\/kalotten-membranen\/","title":{"rendered":"DOME DIAPHRAGMS"},"content":{"rendered":"<div data-elementor-type=\"wp-page\" data-elementor-id=\"120\" class=\"elementor elementor-120\">\n\t\t\t\t\t\t<section class=\"elementor-section elementor-top-section elementor-element elementor-element-68d0341 elementor-section-height-min-height elementor-section-boxed elementor-section-height-default elementor-section-items-middle\" data-id=\"68d0341\" data-element_type=\"section\" data-settings=\"{&quot;background_background&quot;:&quot;classic&quot;}\">\n\t\t\t\t\t\t<div class=\"elementor-container elementor-column-gap-default\">\n\t\t\t\t\t<div class=\"elementor-column elementor-col-50 elementor-top-column elementor-element elementor-element-6bc39dd\" data-id=\"6bc39dd\" data-element_type=\"column\">\n\t\t\t<div class=\"elementor-widget-wrap\">\n\t\t\t\t\t\t\t<\/div>\n\t\t<\/div>\n\t\t\t\t<div class=\"elementor-column elementor-col-50 elementor-top-column elementor-element elementor-element-b1ad796\" data-id=\"b1ad796\" data-element_type=\"column\">\n\t\t\t<div class=\"elementor-widget-wrap elementor-element-populated\">\n\t\t\t\t\t\t<div class=\"elementor-element elementor-element-e5b1907 elementor-widget elementor-widget-heading\" data-id=\"e5b1907\" data-element_type=\"widget\" data-widget_type=\"heading.default\">\n\t\t\t\t<div class=\"elementor-widget-container\">\n\t\t\t\t\t<h1 class=\"elementor-heading-title elementor-size-default\">DOME DIAPHRAGMS<\/h1>\t\t\t\t<\/div>\n\t\t\t\t<\/div>\n\t\t\t\t\t<\/div>\n\t\t<\/div>\n\t\t\t\t\t<\/div>\n\t\t<\/section>\n\t\t\t\t<section class=\"elementor-section elementor-top-section elementor-element elementor-element-d5df9fa elementor-section-boxed elementor-section-height-default elementor-section-height-default\" data-id=\"d5df9fa\" data-element_type=\"section\">\n\t\t\t\t\t\t<div class=\"elementor-container elementor-column-gap-default\">\n\t\t\t\t\t<div class=\"elementor-column elementor-col-50 elementor-top-column elementor-element elementor-element-65a44fa\" data-id=\"65a44fa\" data-element_type=\"column\">\n\t\t\t<div class=\"elementor-widget-wrap elementor-element-populated\">\n\t\t\t\t\t\t<div class=\"elementor-element elementor-element-1856f36 elementor-widget elementor-widget-text-editor\" data-id=\"1856f36\" data-element_type=\"widget\" data-widget_type=\"text-editor.default\">\n\t\t\t\t<div class=\"elementor-widget-container\">\n\t\t\t\t\t\t\t\t\t<p class=\"p1\">Commonly dome diaphragms are 1-3 inches in size and used in tweeters.<\/p><p class=\"p1\">One of our specialities is the consistent production of tweeter domes made of very fine fabric with an integrated surround. Here the surround of a dome diaphragm is not pasted afterwards, but formed simultaneously with the dome production with a convex or concave shape.<\/p><p class=\"p1\">For this kind of dome diaphragm DKM uses fabrics with grammages of 30 to 110 g\/sqm, which are coated according to the application. The optimal balance of fabric and resin leads to the required mechanical strength.<\/p><p class=\"p1\">In addition to these fabric domes, DKM also supplies large quantities of assembled hard domes with soft surrounds for highest quality requirements concerning the frequency response of a tweeter.<\/p><p class=\"p1\">Aluminum, titanium or magnesium are used as membrane materials. These can be supplied either untreated or with a ceramic surface. The ceramic coating gives the membrane greater rigidity, hardness and mechanical resistance.<\/p><p class=\"p1\">In addition to this type of treatment, we can offer thin layers of PVD (DLC - Diamond-like carbon) on the domes. This increases stability against mechanical and chemical attack, providing improved performance and consistent appearance without adding weight.<\/p><p class=\"p1\">Plastic foils with a thickness of 80 to 240 \u00b5 or coated fabrics with a basis weight of 30 to 60 g\/m\u00b2 are used to form the Surround.<\/p><p class=\"p1\">The production takes place with high precision and with reproducible properties on computer-controlled systems with mostly automated quality control.<\/p>\t\t\t\t\t\t\t\t<\/div>\n\t\t\t\t<\/div>\n\t\t\t\t\t<\/div>\n\t\t<\/div>\n\t\t\t\t<div class=\"elementor-column elementor-col-50 elementor-top-column elementor-element elementor-element-9a41b1a\" data-id=\"9a41b1a\" data-element_type=\"column\">\n\t\t\t<div class=\"elementor-widget-wrap elementor-element-populated\">\n\t\t\t\t\t\t<div class=\"elementor-element elementor-element-7f73900 elementor-widget elementor-widget-image\" data-id=\"7f73900\" data-element_type=\"widget\" data-widget_type=\"image.default\">\n\t\t\t\t<div class=\"elementor-widget-container\">\n\t\t\t\t\t\t\t\t\t\t\t\t\t\t\t<img fetchpriority=\"high\" decoding=\"async\" width=\"800\" height=\"800\" src=\"https:\/\/kurtmueller.com\/wp-content\/uploads\/2023\/03\/7-Membrane-web.jpg\" class=\"attachment-large size-large wp-image-2365\" alt=\"\" srcset=\"https:\/\/kurtmueller.com\/wp-content\/uploads\/2023\/03\/7-Membrane-web.jpg 800w, https:\/\/kurtmueller.com\/wp-content\/uploads\/2023\/03\/7-Membrane-web-300x300.jpg 300w, https:\/\/kurtmueller.com\/wp-content\/uploads\/2023\/03\/7-Membrane-web-150x150.jpg 150w, https:\/\/kurtmueller.com\/wp-content\/uploads\/2023\/03\/7-Membrane-web-768x768.jpg 768w, https:\/\/kurtmueller.com\/wp-content\/uploads\/2023\/03\/7-Membrane-web-12x12.jpg 12w\" sizes=\"(max-width: 800px) 100vw, 800px\" \/>\t\t\t\t\t\t\t\t\t\t\t\t\t\t\t<\/div>\n\t\t\t\t<\/div>\n\t\t\t\t\t<\/div>\n\t\t<\/div>\n\t\t\t\t\t<\/div>\n\t\t<\/section>\n\t\t\t\t<\/div>","protected":false},"excerpt":{"rendered":"<p>KALOTTEN-MEMBRANEN Kalotten-Membranen sind meist 1-3 Zoll gro\u00df und werden vorwiegend in Hocht\u00f6nern eingesetzt. Eine Spezialit\u00e4t der Firma ist deren konsistente Herstellung aus sehr feinen Geweben, wobei dabei der Sickenring meist nicht nachtr\u00e4glich angeklebt, sondern bereits bei der Herstellung in konvexer oder konkaver Weise angeformt wird. DKM setzt f\u00fcr diese Kalotten-Membranen Gewebe mit Fl\u00e4chengewichten von 30 [&hellip;]<\/p>","protected":false},"author":1,"featured_media":0,"parent":0,"menu_order":0,"comment_status":"closed","ping_status":"closed","template":"elementor_header_footer","meta":{"ocean_post_layout":"","ocean_both_sidebars_style":"","ocean_both_sidebars_content_width":0,"ocean_both_sidebars_sidebars_width":0,"ocean_sidebar":"0","ocean_second_sidebar":"0","ocean_disable_margins":"enable","ocean_add_body_class":"","ocean_shortcode_before_top_bar":"","ocean_shortcode_after_top_bar":"","ocean_shortcode_before_header":"","ocean_shortcode_after_header":"","ocean_has_shortcode":"","ocean_shortcode_after_title":"","ocean_shortcode_before_footer_widgets":"","ocean_shortcode_after_footer_widgets":"","ocean_shortcode_before_footer_bottom":"","ocean_shortcode_after_footer_bottom":"","ocean_display_top_bar":"off","ocean_display_header":"default","ocean_header_style":"","ocean_center_header_left_menu":"0","ocean_custom_header_template":"0","ocean_custom_logo":0,"ocean_custom_retina_logo":0,"ocean_custom_logo_max_width":0,"ocean_custom_logo_tablet_max_width":0,"ocean_custom_logo_mobile_max_width":0,"ocean_custom_logo_max_height":0,"ocean_custom_logo_tablet_max_height":0,"ocean_custom_logo_mobile_max_height":0,"ocean_header_custom_menu":"0","ocean_menu_typo_font_family":"0","ocean_menu_typo_font_subset":"","ocean_menu_typo_font_size":0,"ocean_menu_typo_font_size_tablet":0,"ocean_menu_typo_font_size_mobile":0,"ocean_menu_typo_font_size_unit":"px","ocean_menu_typo_font_weight":"","ocean_menu_typo_font_weight_tablet":"","ocean_menu_typo_font_weight_mobile":"","ocean_menu_typo_transform":"","ocean_menu_typo_transform_tablet":"","ocean_menu_typo_transform_mobile":"","ocean_menu_typo_line_height":0,"ocean_menu_typo_line_height_tablet":0,"ocean_menu_typo_line_height_mobile":0,"ocean_menu_typo_line_height_unit":"","ocean_menu_typo_spacing":0,"ocean_menu_typo_spacing_tablet":0,"ocean_menu_typo_spacing_mobile":0,"ocean_menu_typo_spacing_unit":"","ocean_menu_link_color":"","ocean_menu_link_color_hover":"","ocean_menu_link_color_active":"","ocean_menu_link_background":"","ocean_menu_link_hover_background":"","ocean_menu_link_active_background":"","ocean_menu_social_links_bg":"","ocean_menu_social_hover_links_bg":"","ocean_menu_social_links_color":"","ocean_menu_social_hover_links_color":"","ocean_disable_title":"on","ocean_disable_heading":"default","ocean_post_title":"","ocean_post_subheading":"","ocean_post_title_style":"","ocean_post_title_background_color":"","ocean_post_title_background":0,"ocean_post_title_bg_image_position":"","ocean_post_title_bg_image_attachment":"","ocean_post_title_bg_image_repeat":"","ocean_post_title_bg_image_size":"","ocean_post_title_height":0,"ocean_post_title_bg_overlay":0.5,"ocean_post_title_bg_overlay_color":"","ocean_disable_breadcrumbs":"default","ocean_breadcrumbs_color":"","ocean_breadcrumbs_separator_color":"","ocean_breadcrumbs_links_color":"","ocean_breadcrumbs_links_hover_color":"","ocean_display_footer_widgets":"default","ocean_display_footer_bottom":"default","ocean_custom_footer_template":"0","footnotes":""},"class_list":["post-120","page","type-page","status-publish","hentry","entry"],"_links":{"self":[{"href":"https:\/\/kurtmueller.com\/en\/wp-json\/wp\/v2\/pages\/120","targetHints":{"allow":["GET"]}}],"collection":[{"href":"https:\/\/kurtmueller.com\/en\/wp-json\/wp\/v2\/pages"}],"about":[{"href":"https:\/\/kurtmueller.com\/en\/wp-json\/wp\/v2\/types\/page"}],"author":[{"embeddable":true,"href":"https:\/\/kurtmueller.com\/en\/wp-json\/wp\/v2\/users\/1"}],"replies":[{"embeddable":true,"href":"https:\/\/kurtmueller.com\/en\/wp-json\/wp\/v2\/comments?post=120"}],"version-history":[{"count":58,"href":"https:\/\/kurtmueller.com\/en\/wp-json\/wp\/v2\/pages\/120\/revisions"}],"predecessor-version":[{"id":2374,"href":"https:\/\/kurtmueller.com\/en\/wp-json\/wp\/v2\/pages\/120\/revisions\/2374"}],"wp:attachment":[{"href":"https:\/\/kurtmueller.com\/en\/wp-json\/wp\/v2\/media?parent=120"}],"curies":[{"name":"wp","href":"https:\/\/api.w.org\/{rel}","templated":true}]}}