{"id":1156,"date":"2022-06-30T11:57:43","date_gmt":"2022-06-30T09:57:43","guid":{"rendered":"http:\/\/wp13470711.server-he.de\/?page_id=1156"},"modified":"2023-02-02T15:39:53","modified_gmt":"2023-02-02T14:39:53","slug":"projektingenieur-im-bereich-entwicklung-m-w-d","status":"publish","type":"page","link":"https:\/\/kurtmueller.com\/en\/projektingenieur-im-bereich-entwicklung-m-w-d\/","title":{"rendered":"Projektingenieur im Bereich Entwicklung (m\/w\/d)"},"content":{"rendered":"<div data-elementor-type=\"wp-page\" data-elementor-id=\"1156\" class=\"elementor elementor-1156\">\n\t\t\t\t\t\t<section class=\"elementor-section elementor-top-section elementor-element elementor-element-46a289a elementor-section-height-min-height elementor-section-boxed elementor-section-height-default elementor-section-items-middle\" data-id=\"46a289a\" data-element_type=\"section\" data-settings=\"{&quot;background_background&quot;:&quot;classic&quot;}\">\n\t\t\t\t\t\t\t<div class=\"elementor-background-overlay\"><\/div>\n\t\t\t\t\t\t\t<div class=\"elementor-container elementor-column-gap-default\">\n\t\t\t\t\t<div class=\"elementor-column elementor-col-50 elementor-top-column elementor-element elementor-element-377a092\" data-id=\"377a092\" data-element_type=\"column\">\n\t\t\t<div class=\"elementor-widget-wrap\">\n\t\t\t\t\t\t\t<\/div>\n\t\t<\/div>\n\t\t\t\t<div class=\"elementor-column elementor-col-50 elementor-top-column elementor-element elementor-element-ca30b8d\" data-id=\"ca30b8d\" data-element_type=\"column\">\n\t\t\t<div class=\"elementor-widget-wrap elementor-element-populated\">\n\t\t\t\t\t\t<div class=\"elementor-element elementor-element-9a4a2e1 elementor-widget elementor-widget-image\" data-id=\"9a4a2e1\" data-element_type=\"widget\" data-widget_type=\"image.default\">\n\t\t\t\t<div class=\"elementor-widget-container\">\n\t\t\t\t\t\t\t\t\t\t\t\t\t\t\t<img fetchpriority=\"high\" decoding=\"async\" width=\"644\" height=\"160\" src=\"https:\/\/kurtmueller.com\/wp-content\/uploads\/2022\/06\/Zeichenflaeche-2.png\" class=\"attachment-large size-large wp-image-1126\" alt=\"\" srcset=\"https:\/\/kurtmueller.com\/wp-content\/uploads\/2022\/06\/Zeichenflaeche-2.png 644w, https:\/\/kurtmueller.com\/wp-content\/uploads\/2022\/06\/Zeichenflaeche-2-300x75.png 300w, https:\/\/kurtmueller.com\/wp-content\/uploads\/2022\/06\/Zeichenflaeche-2-18x4.png 18w\" sizes=\"(max-width: 644px) 100vw, 644px\" \/>\t\t\t\t\t\t\t\t\t\t\t\t\t\t\t<\/div>\n\t\t\t\t<\/div>\n\t\t\t\t\t<\/div>\n\t\t<\/div>\n\t\t\t\t\t<\/div>\n\t\t<\/section>\n\t\t\t\t<section class=\"elementor-section elementor-top-section elementor-element elementor-element-edac24d elementor-section-boxed elementor-section-height-default elementor-section-height-default\" data-id=\"edac24d\" data-element_type=\"section\">\n\t\t\t\t\t\t<div class=\"elementor-container elementor-column-gap-default\">\n\t\t\t\t\t<div class=\"elementor-column elementor-col-100 elementor-top-column elementor-element elementor-element-0c3a6ec\" data-id=\"0c3a6ec\" data-element_type=\"column\">\n\t\t\t<div class=\"elementor-widget-wrap elementor-element-populated\">\n\t\t\t\t\t\t<div class=\"elementor-element elementor-element-e553db7 elementor-widget elementor-widget-heading\" data-id=\"e553db7\" data-element_type=\"widget\" data-widget_type=\"heading.default\">\n\t\t\t\t<div class=\"elementor-widget-container\">\n\t\t\t\t\t<h1 class=\"elementor-heading-title elementor-size-default\">Projektingenieur im Bereich Entwicklung (m\/w\/d)<\/h1>\t\t\t\t<\/div>\n\t\t\t\t<\/div>\n\t\t\t\t<div class=\"elementor-element elementor-element-2ccd343 elementor-widget elementor-widget-text-editor\" data-id=\"2ccd343\" data-element_type=\"widget\" data-widget_type=\"text-editor.default\">\n\t\t\t\t<div class=\"elementor-widget-container\">\n\t\t\t\t\t\t\t\t\t<p class=\"p1\"><b>Ihre Aufgaben:<\/b><\/p><ul class=\"ul1\"><li class=\"li2\">Sie werden in enger Zusammenarbeit mit dem Technischen Leiter und unseren internationalen Kunden durch Auswahl und Entwicklung von geeigneten Membranen an der Optimierung von Lautsprechern arbeiten.<\/li><li class=\"li2\">Als technischer Ansprechpartner unserer Kunden bilden Sie das Bindeglied zu unserer Produktion und werden ge\u00e4nderte Anforderungen sowie neue Ideen aufnehmen und deren Umsetzung in unserem Hause einleiten.<\/li><li class=\"li2\">Dabei werden Sie durch systematische Versuche mit neuen Rezepturen, ge\u00e4nderten Produktionsparametern und Prozessen kundenindividuelle L\u00f6sungen erarbeiten.<\/li><\/ul><p class=\"p1\"><b>Ihr Profil<\/b>:<\/p><ul class=\"ul1\"><li class=\"li2\">Abgeschlossenes Studium der Fachrichtung Werkstofftechnik, Verfahrenstechnik oder Maschinenbau<\/li><li class=\"li2\">Mehrj\u00e4hrige Berufserfahrung im technischen Bereich<\/li><li class=\"li2\">Sie sind teamf\u00e4hig, verbindlich und l\u00f6sungsorientiert mit ausgepr\u00e4gter Hands-on-Mentalit\u00e4t<\/li><li class=\"li2\">Sehr gute Englischkenntnisse in Wort und Schrift<\/li><li class=\"li1\">Reisebereitschaft wird vorausgesetzt<\/li><\/ul><p class=\"p1\">Haben Sie Interesse an einer attraktiven Herausforderung? Dann senden Sie uns bitte Ihre Bewerbungsunterlagen unter Angabe Ihres fr\u00fchestm\u00f6glichen Eintrittstermins und Ihrer Gehaltsvorstellung online an: <a href=\"mailto:jobs@kurtmueller.com\"><span class=\"s2\">jobs@kurtmueller.com<\/span><\/a><\/p>\t\t\t\t\t\t\t\t<\/div>\n\t\t\t\t<\/div>\n\t\t\t\t\t<\/div>\n\t\t<\/div>\n\t\t\t\t\t<\/div>\n\t\t<\/section>\n\t\t\t\t<section class=\"elementor-section elementor-top-section elementor-element elementor-element-d6138f7 elementor-section-height-min-height elementor-section-boxed elementor-section-height-default elementor-section-items-middle\" data-id=\"d6138f7\" data-element_type=\"section\" data-settings=\"{&quot;background_background&quot;:&quot;classic&quot;}\">\n\t\t\t\t\t\t<div class=\"elementor-container elementor-column-gap-default\">\n\t\t\t\t\t<div class=\"elementor-column elementor-col-100 elementor-top-column elementor-element elementor-element-dda2e21\" data-id=\"dda2e21\" data-element_type=\"column\">\n\t\t\t<div class=\"elementor-widget-wrap\">\n\t\t\t\t\t\t\t<\/div>\n\t\t<\/div>\n\t\t\t\t\t<\/div>\n\t\t<\/section>\n\t\t\t\t<\/div>","protected":false},"excerpt":{"rendered":"<p>Projektingenieur im Bereich Entwicklung (m\/w\/d) Ihre Aufgaben: Sie werden in enger Zusammenarbeit mit dem Technischen Leiter und unseren internationalen Kunden durch Auswahl und Entwicklung von geeigneten Membranen an der Optimierung von Lautsprechern arbeiten. Als technischer Ansprechpartner unserer Kunden bilden Sie das Bindeglied zu unserer Produktion und werden ge\u00e4nderte Anforderungen sowie neue Ideen aufnehmen und deren [&hellip;]<\/p>","protected":false},"author":1,"featured_media":0,"parent":0,"menu_order":0,"comment_status":"closed","ping_status":"closed","template":"elementor_header_footer","meta":{"ocean_post_layout":"full-screen","ocean_both_sidebars_style":"","ocean_both_sidebars_content_width":0,"ocean_both_sidebars_sidebars_width":0,"ocean_sidebar":"0","ocean_second_sidebar":"0","ocean_disable_margins":"enable","ocean_add_body_class":"","ocean_shortcode_before_top_bar":"","ocean_shortcode_after_top_bar":"","ocean_shortcode_before_header":"","ocean_shortcode_after_header":"","ocean_has_shortcode":"","ocean_shortcode_after_title":"","ocean_shortcode_before_footer_widgets":"","ocean_shortcode_after_footer_widgets":"","ocean_shortcode_before_footer_bottom":"","ocean_shortcode_after_footer_bottom":"","ocean_display_top_bar":"off","ocean_display_header":"default","ocean_header_style":"","ocean_center_header_left_menu":"0","ocean_custom_header_template":"0","ocean_custom_logo":0,"ocean_custom_retina_logo":0,"ocean_custom_logo_max_width":0,"ocean_custom_logo_tablet_max_width":0,"ocean_custom_logo_mobile_max_width":0,"ocean_custom_logo_max_height":0,"ocean_custom_logo_tablet_max_height":0,"ocean_custom_logo_mobile_max_height":0,"ocean_header_custom_menu":"0","ocean_menu_typo_font_family":"0","ocean_menu_typo_font_subset":"","ocean_menu_typo_font_size":0,"ocean_menu_typo_font_size_tablet":0,"ocean_menu_typo_font_size_mobile":0,"ocean_menu_typo_font_size_unit":"px","ocean_menu_typo_font_weight":"","ocean_menu_typo_font_weight_tablet":"","ocean_menu_typo_font_weight_mobile":"","ocean_menu_typo_transform":"","ocean_menu_typo_transform_tablet":"","ocean_menu_typo_transform_mobile":"","ocean_menu_typo_line_height":0,"ocean_menu_typo_line_height_tablet":0,"ocean_menu_typo_line_height_mobile":0,"ocean_menu_typo_line_height_unit":"","ocean_menu_typo_spacing":0,"ocean_menu_typo_spacing_tablet":0,"ocean_menu_typo_spacing_mobile":0,"ocean_menu_typo_spacing_unit":"","ocean_menu_link_color":"","ocean_menu_link_color_hover":"","ocean_menu_link_color_active":"#000000","ocean_menu_link_background":"#000000","ocean_menu_link_hover_background":"","ocean_menu_link_active_background":"#000000","ocean_menu_social_links_bg":"","ocean_menu_social_hover_links_bg":"","ocean_menu_social_links_color":"","ocean_menu_social_hover_links_color":"","ocean_disable_title":"on","ocean_disable_heading":"default","ocean_post_title":"","ocean_post_subheading":"","ocean_post_title_style":"","ocean_post_title_background_color":"","ocean_post_title_background":0,"ocean_post_title_bg_image_position":"","ocean_post_title_bg_image_attachment":"","ocean_post_title_bg_image_repeat":"","ocean_post_title_bg_image_size":"","ocean_post_title_height":0,"ocean_post_title_bg_overlay":0.5,"ocean_post_title_bg_overlay_color":"","ocean_disable_breadcrumbs":"off","ocean_breadcrumbs_color":"","ocean_breadcrumbs_separator_color":"","ocean_breadcrumbs_links_color":"","ocean_breadcrumbs_links_hover_color":"","ocean_display_footer_widgets":"default","ocean_display_footer_bottom":"default","ocean_custom_footer_template":"0","footnotes":""},"class_list":["post-1156","page","type-page","status-publish","hentry","entry"],"_links":{"self":[{"href":"https:\/\/kurtmueller.com\/en\/wp-json\/wp\/v2\/pages\/1156","targetHints":{"allow":["GET"]}}],"collection":[{"href":"https:\/\/kurtmueller.com\/en\/wp-json\/wp\/v2\/pages"}],"about":[{"href":"https:\/\/kurtmueller.com\/en\/wp-json\/wp\/v2\/types\/page"}],"author":[{"embeddable":true,"href":"https:\/\/kurtmueller.com\/en\/wp-json\/wp\/v2\/users\/1"}],"replies":[{"embeddable":true,"href":"https:\/\/kurtmueller.com\/en\/wp-json\/wp\/v2\/comments?post=1156"}],"version-history":[{"count":29,"href":"https:\/\/kurtmueller.com\/en\/wp-json\/wp\/v2\/pages\/1156\/revisions"}],"predecessor-version":[{"id":2248,"href":"https:\/\/kurtmueller.com\/en\/wp-json\/wp\/v2\/pages\/1156\/revisions\/2248"}],"wp:attachment":[{"href":"https:\/\/kurtmueller.com\/en\/wp-json\/wp\/v2\/media?parent=1156"}],"curies":[{"name":"wp","href":"https:\/\/api.w.org\/{rel}","templated":true}]}}