{"id":1133,"date":"2022-06-30T11:48:16","date_gmt":"2022-06-30T09:48:16","guid":{"rendered":"http:\/\/wp13470711.server-he.de\/?page_id=1133"},"modified":"2023-02-02T14:39:30","modified_gmt":"2023-02-02T13:39:30","slug":"praktikanten-m-w-d","status":"publish","type":"page","link":"https:\/\/kurtmueller.com\/en\/praktikanten-m-w-d\/","title":{"rendered":"Praktikanten (m\/w\/d)"},"content":{"rendered":"<div data-elementor-type=\"wp-page\" data-elementor-id=\"1133\" class=\"elementor elementor-1133\">\n\t\t\t\t\t\t<section class=\"elementor-section elementor-top-section elementor-element elementor-element-fe3dd8d elementor-section-height-min-height elementor-section-boxed elementor-section-height-default elementor-section-items-middle\" data-id=\"fe3dd8d\" data-element_type=\"section\" data-settings=\"{&quot;background_background&quot;:&quot;classic&quot;}\">\n\t\t\t\t\t\t\t<div class=\"elementor-background-overlay\"><\/div>\n\t\t\t\t\t\t\t<div class=\"elementor-container elementor-column-gap-default\">\n\t\t\t\t\t<div class=\"elementor-column elementor-col-50 elementor-top-column elementor-element elementor-element-bd0a590\" data-id=\"bd0a590\" data-element_type=\"column\">\n\t\t\t<div class=\"elementor-widget-wrap\">\n\t\t\t\t\t\t\t<\/div>\n\t\t<\/div>\n\t\t\t\t<div class=\"elementor-column elementor-col-50 elementor-top-column elementor-element elementor-element-cbd162e\" data-id=\"cbd162e\" data-element_type=\"column\">\n\t\t\t<div class=\"elementor-widget-wrap elementor-element-populated\">\n\t\t\t\t\t\t<div class=\"elementor-element elementor-element-8fadd7c elementor-widget elementor-widget-image\" data-id=\"8fadd7c\" data-element_type=\"widget\" data-widget_type=\"image.default\">\n\t\t\t\t<div class=\"elementor-widget-container\">\n\t\t\t\t\t\t\t\t\t\t\t\t\t\t\t<img fetchpriority=\"high\" decoding=\"async\" width=\"644\" height=\"160\" src=\"https:\/\/kurtmueller.com\/wp-content\/uploads\/2022\/06\/Zeichenflaeche-2.png\" class=\"attachment-large size-large wp-image-1126\" alt=\"\" srcset=\"https:\/\/kurtmueller.com\/wp-content\/uploads\/2022\/06\/Zeichenflaeche-2.png 644w, https:\/\/kurtmueller.com\/wp-content\/uploads\/2022\/06\/Zeichenflaeche-2-300x75.png 300w, https:\/\/kurtmueller.com\/wp-content\/uploads\/2022\/06\/Zeichenflaeche-2-18x4.png 18w\" sizes=\"(max-width: 644px) 100vw, 644px\" \/>\t\t\t\t\t\t\t\t\t\t\t\t\t\t\t<\/div>\n\t\t\t\t<\/div>\n\t\t\t\t\t<\/div>\n\t\t<\/div>\n\t\t\t\t\t<\/div>\n\t\t<\/section>\n\t\t\t\t<section class=\"elementor-section elementor-top-section elementor-element elementor-element-782a693 elementor-section-boxed elementor-section-height-default elementor-section-height-default\" data-id=\"782a693\" data-element_type=\"section\">\n\t\t\t\t\t\t<div class=\"elementor-container elementor-column-gap-default\">\n\t\t\t\t\t<div class=\"elementor-column elementor-col-100 elementor-top-column elementor-element elementor-element-071081d\" data-id=\"071081d\" data-element_type=\"column\">\n\t\t\t<div class=\"elementor-widget-wrap elementor-element-populated\">\n\t\t\t\t\t\t<div class=\"elementor-element elementor-element-ec6f3d5 elementor-widget elementor-widget-text-editor\" data-id=\"ec6f3d5\" data-element_type=\"widget\" data-widget_type=\"text-editor.default\">\n\t\t\t\t<div class=\"elementor-widget-container\">\n\t\t\t\t\t\t\t\t\t<p>Wir sind ein f\u00fchrendes, mittelst\u00e4ndisches Unternehmen in der Entwicklung und Herstellung von Membranen sowie anderen Schwingteilen f\u00fcr die Lautsprecherindustrie. Unsere internationalen Kunden sind neben der Automobilindustrie die namenhaften Lautsprecherfirmen im \u201eHigh End\u201c- sowie im PA-Bereich.<\/p><p>Unser Hauptfirmenstandort ist Krefeld. Zudem produzieren wir einen Teil der Produktpalette auch in unserem Tochterunternehmen in England sowie in Tschechien.<span class=\"Apple-converted-space\">\u00a0<\/span><\/p><p>Zur Unterst\u00fctzung unserer Abteilung Entwicklung suchen wir:<\/p>\t\t\t\t\t\t\t\t<\/div>\n\t\t\t\t<\/div>\n\t\t\t\t<div class=\"elementor-element elementor-element-77b7081 elementor-widget elementor-widget-heading\" data-id=\"77b7081\" data-element_type=\"widget\" data-widget_type=\"heading.default\">\n\t\t\t\t<div class=\"elementor-widget-container\">\n\t\t\t\t\t<h1 class=\"elementor-heading-title elementor-size-default\">Praktikanten (m\/w\/d) <br>\n<br>\nDiplomanden (m\/w\/d)<\/h1>\t\t\t\t<\/div>\n\t\t\t\t<\/div>\n\t\t\t\t<div class=\"elementor-element elementor-element-3d4f7d5 elementor-widget elementor-widget-text-editor\" data-id=\"3d4f7d5\" data-element_type=\"widget\" data-widget_type=\"text-editor.default\">\n\t\t\t\t<div class=\"elementor-widget-container\">\n\t\t\t\t\t\t\t\t\t<p><b>Unser Angebot:<\/b><\/p><ul><li>Interessante Einblicke in unseren Betrieb und die verschiedenen Verfahrensweisen zur Verarbeitung von Papieren, Kunststoffen, Geweben, Gummi und Metallen zu Lautsprecherschwingteilen<\/li><\/ul><ul><li>Diplomarbeitsthemen auf dem Gebiet der Material- und Werkstofftechnik, der Produktions- und Kunststofftechnik, der Verfahrenstechnik, des Maschinenbaus und des Textilverfahrens mit gro\u00dfem kreativem Spielraum<\/li><\/ul><ul><li>Einen m\u00f6glichen Direkteinstieg nach dem Studium<\/li><\/ul><ul><li>Eine intensive Betreuung und Hilfestellung<\/li><\/ul><p>Haben wir Ihr Interesse geweckt? Dann senden Sie uns bitte Ihre Bewerbungsunterlagen online an: <a href=\"mailto:jobs@kurtmueller.com\">jobs@kurtmueller.com<\/a><span class=\"Apple-converted-space\">\u00a0<\/span><\/p><p>Wir freuen uns auf Ihre Bewerbung!<\/p><p>DR: KURT M\u00dcLLER GmbH &amp; Co.KG<br \/>Krefelder Str. 150<br \/>47839 Krefeld<br \/>Telefon: 02151-7329-0<br \/><a href=\"mailto:info@kurtmueller.com\">info@kurtmueller.com<\/a><br \/><a href=\"https:\/\/kurtmueller.com\/en\/\">www.kurtmueller.com<\/a><\/p>\t\t\t\t\t\t\t\t<\/div>\n\t\t\t\t<\/div>\n\t\t\t\t\t<\/div>\n\t\t<\/div>\n\t\t\t\t\t<\/div>\n\t\t<\/section>\n\t\t\t\t<section class=\"elementor-section elementor-top-section elementor-element elementor-element-11ec1ce elementor-section-height-min-height elementor-section-boxed elementor-section-height-default elementor-section-items-middle\" data-id=\"11ec1ce\" data-element_type=\"section\" data-settings=\"{&quot;background_background&quot;:&quot;classic&quot;}\">\n\t\t\t\t\t\t<div class=\"elementor-container elementor-column-gap-default\">\n\t\t\t\t\t<div class=\"elementor-column elementor-col-100 elementor-top-column elementor-element elementor-element-ffb8bf2\" data-id=\"ffb8bf2\" data-element_type=\"column\">\n\t\t\t<div class=\"elementor-widget-wrap\">\n\t\t\t\t\t\t\t<\/div>\n\t\t<\/div>\n\t\t\t\t\t<\/div>\n\t\t<\/section>\n\t\t\t\t<\/div>","protected":false},"excerpt":{"rendered":"<p>Wir sind ein f\u00fchrendes, mittelst\u00e4ndisches Unternehmen in der Entwicklung und Herstellung von Membranen sowie anderen Schwingteilen f\u00fcr die Lautsprecherindustrie. Unsere internationalen Kunden sind neben der Automobilindustrie die namenhaften Lautsprecherfirmen im \u201eHigh End\u201c- sowie im PA-Bereich. Unser Hauptfirmenstandort ist Krefeld. Zudem produzieren wir einen Teil der Produktpalette auch in unserem Tochterunternehmen in England sowie in Tschechien.\u00a0 [&hellip;]<\/p>","protected":false},"author":1,"featured_media":0,"parent":0,"menu_order":0,"comment_status":"closed","ping_status":"closed","template":"elementor_header_footer","meta":{"ocean_post_layout":"","ocean_both_sidebars_style":"","ocean_both_sidebars_content_width":0,"ocean_both_sidebars_sidebars_width":0,"ocean_sidebar":"0","ocean_second_sidebar":"0","ocean_disable_margins":"enable","ocean_add_body_class":"","ocean_shortcode_before_top_bar":"","ocean_shortcode_after_top_bar":"","ocean_shortcode_before_header":"","ocean_shortcode_after_header":"","ocean_has_shortcode":"","ocean_shortcode_after_title":"","ocean_shortcode_before_footer_widgets":"","ocean_shortcode_after_footer_widgets":"","ocean_shortcode_before_footer_bottom":"","ocean_shortcode_after_footer_bottom":"","ocean_display_top_bar":"off","ocean_display_header":"default","ocean_header_style":"","ocean_center_header_left_menu":"0","ocean_custom_header_template":"0","ocean_custom_logo":0,"ocean_custom_retina_logo":0,"ocean_custom_logo_max_width":0,"ocean_custom_logo_tablet_max_width":0,"ocean_custom_logo_mobile_max_width":0,"ocean_custom_logo_max_height":0,"ocean_custom_logo_tablet_max_height":0,"ocean_custom_logo_mobile_max_height":0,"ocean_header_custom_menu":"0","ocean_menu_typo_font_family":"0","ocean_menu_typo_font_subset":"","ocean_menu_typo_font_size":0,"ocean_menu_typo_font_size_tablet":0,"ocean_menu_typo_font_size_mobile":0,"ocean_menu_typo_font_size_unit":"px","ocean_menu_typo_font_weight":"","ocean_menu_typo_font_weight_tablet":"","ocean_menu_typo_font_weight_mobile":"","ocean_menu_typo_transform":"","ocean_menu_typo_transform_tablet":"","ocean_menu_typo_transform_mobile":"","ocean_menu_typo_line_height":0,"ocean_menu_typo_line_height_tablet":0,"ocean_menu_typo_line_height_mobile":0,"ocean_menu_typo_line_height_unit":"","ocean_menu_typo_spacing":0,"ocean_menu_typo_spacing_tablet":0,"ocean_menu_typo_spacing_mobile":0,"ocean_menu_typo_spacing_unit":"","ocean_menu_link_color":"","ocean_menu_link_color_hover":"","ocean_menu_link_color_active":"","ocean_menu_link_background":"","ocean_menu_link_hover_background":"","ocean_menu_link_active_background":"","ocean_menu_social_links_bg":"","ocean_menu_social_hover_links_bg":"","ocean_menu_social_links_color":"","ocean_menu_social_hover_links_color":"","ocean_disable_title":"on","ocean_disable_heading":"default","ocean_post_title":"","ocean_post_subheading":"","ocean_post_title_style":"","ocean_post_title_background_color":"","ocean_post_title_background":0,"ocean_post_title_bg_image_position":"","ocean_post_title_bg_image_attachment":"","ocean_post_title_bg_image_repeat":"","ocean_post_title_bg_image_size":"","ocean_post_title_height":0,"ocean_post_title_bg_overlay":0.5,"ocean_post_title_bg_overlay_color":"","ocean_disable_breadcrumbs":"off","ocean_breadcrumbs_color":"","ocean_breadcrumbs_separator_color":"","ocean_breadcrumbs_links_color":"","ocean_breadcrumbs_links_hover_color":"","ocean_display_footer_widgets":"default","ocean_display_footer_bottom":"default","ocean_custom_footer_template":"0","footnotes":""},"class_list":["post-1133","page","type-page","status-publish","hentry","entry"],"_links":{"self":[{"href":"https:\/\/kurtmueller.com\/en\/wp-json\/wp\/v2\/pages\/1133","targetHints":{"allow":["GET"]}}],"collection":[{"href":"https:\/\/kurtmueller.com\/en\/wp-json\/wp\/v2\/pages"}],"about":[{"href":"https:\/\/kurtmueller.com\/en\/wp-json\/wp\/v2\/types\/page"}],"author":[{"embeddable":true,"href":"https:\/\/kurtmueller.com\/en\/wp-json\/wp\/v2\/users\/1"}],"replies":[{"embeddable":true,"href":"https:\/\/kurtmueller.com\/en\/wp-json\/wp\/v2\/comments?post=1133"}],"version-history":[{"count":29,"href":"https:\/\/kurtmueller.com\/en\/wp-json\/wp\/v2\/pages\/1133\/revisions"}],"predecessor-version":[{"id":2144,"href":"https:\/\/kurtmueller.com\/en\/wp-json\/wp\/v2\/pages\/1133\/revisions\/2144"}],"wp:attachment":[{"href":"https:\/\/kurtmueller.com\/en\/wp-json\/wp\/v2\/media?parent=1133"}],"curies":[{"name":"wp","href":"https:\/\/api.w.org\/{rel}","templated":true}]}}