{"id":1115,"date":"2022-06-30T11:40:25","date_gmt":"2022-06-30T09:40:25","guid":{"rendered":"http:\/\/wp13470711.server-he.de\/?page_id=1115"},"modified":"2023-02-02T14:40:28","modified_gmt":"2023-02-02T13:40:28","slug":"maschinenbauingenieur-m-w-d","status":"publish","type":"page","link":"https:\/\/kurtmueller.com\/en\/maschinenbauingenieur-m-w-d\/","title":{"rendered":"Maschinenbauingenieur (m\/w\/d)"},"content":{"rendered":"<div data-elementor-type=\"wp-page\" data-elementor-id=\"1115\" class=\"elementor elementor-1115\">\n\t\t\t\t\t\t<section class=\"elementor-section elementor-top-section elementor-element elementor-element-981dae3 elementor-section-height-min-height elementor-section-boxed elementor-section-height-default elementor-section-items-middle\" data-id=\"981dae3\" data-element_type=\"section\" data-settings=\"{&quot;background_background&quot;:&quot;classic&quot;}\">\n\t\t\t\t\t\t\t<div class=\"elementor-background-overlay\"><\/div>\n\t\t\t\t\t\t\t<div class=\"elementor-container elementor-column-gap-default\">\n\t\t\t\t\t<div class=\"elementor-column elementor-col-50 elementor-top-column elementor-element elementor-element-78dd161\" data-id=\"78dd161\" data-element_type=\"column\">\n\t\t\t<div class=\"elementor-widget-wrap\">\n\t\t\t\t\t\t\t<\/div>\n\t\t<\/div>\n\t\t\t\t<div class=\"elementor-column elementor-col-50 elementor-top-column elementor-element elementor-element-ea23ed7\" data-id=\"ea23ed7\" data-element_type=\"column\">\n\t\t\t<div class=\"elementor-widget-wrap elementor-element-populated\">\n\t\t\t\t\t\t<div class=\"elementor-element elementor-element-10fc230 elementor-widget elementor-widget-image\" data-id=\"10fc230\" data-element_type=\"widget\" data-widget_type=\"image.default\">\n\t\t\t\t<div class=\"elementor-widget-container\">\n\t\t\t\t\t\t\t\t\t\t\t\t\t\t\t<img fetchpriority=\"high\" decoding=\"async\" width=\"644\" height=\"160\" src=\"https:\/\/kurtmueller.com\/wp-content\/uploads\/2022\/06\/Zeichenflaeche-2.png\" class=\"attachment-large size-large wp-image-1126\" alt=\"\" srcset=\"https:\/\/kurtmueller.com\/wp-content\/uploads\/2022\/06\/Zeichenflaeche-2.png 644w, https:\/\/kurtmueller.com\/wp-content\/uploads\/2022\/06\/Zeichenflaeche-2-300x75.png 300w, https:\/\/kurtmueller.com\/wp-content\/uploads\/2022\/06\/Zeichenflaeche-2-18x4.png 18w\" sizes=\"(max-width: 644px) 100vw, 644px\" \/>\t\t\t\t\t\t\t\t\t\t\t\t\t\t\t<\/div>\n\t\t\t\t<\/div>\n\t\t\t\t\t<\/div>\n\t\t<\/div>\n\t\t\t\t\t<\/div>\n\t\t<\/section>\n\t\t\t\t<section class=\"elementor-section elementor-top-section elementor-element elementor-element-370d3c4 elementor-section-boxed elementor-section-height-default elementor-section-height-default\" data-id=\"370d3c4\" data-element_type=\"section\">\n\t\t\t\t\t\t<div class=\"elementor-container elementor-column-gap-default\">\n\t\t\t\t\t<div class=\"elementor-column elementor-col-100 elementor-top-column elementor-element elementor-element-792c53a\" data-id=\"792c53a\" data-element_type=\"column\">\n\t\t\t<div class=\"elementor-widget-wrap elementor-element-populated\">\n\t\t\t\t\t\t<div class=\"elementor-element elementor-element-549b88f elementor-widget elementor-widget-text-editor\" data-id=\"549b88f\" data-element_type=\"widget\" data-widget_type=\"text-editor.default\">\n\t\t\t\t<div class=\"elementor-widget-container\">\n\t\t\t\t\t\t\t\t\t<p>Wir sind ein f\u00fchrendes, mittelst\u00e4ndisches Unternehmen in der Entwicklung und Herstellung von Membranen sowie anderen Schwingteilen f\u00fcr die Lautsprecherindustrie. Unsere internationalen Kunden sind neben der Automobilindustrie die namenhaften Lautsprecherfirmen im \u201eHigh End\u201c- sowie im PA-Bereich.<\/p><p>Unser Hauptfirmenstandort ist Krefeld. Zudem produzieren wir einen Teil der Produktpalette auch in unserem Tochterunternehmen in England sowie in Tschechien.<span class=\"Apple-converted-space\">\u00a0<\/span><\/p><p>Zur Verst\u00e4rkung unseres Teams suchen wir einen:<\/p>\t\t\t\t\t\t\t\t<\/div>\n\t\t\t\t<\/div>\n\t\t\t\t<div class=\"elementor-element elementor-element-8ed88b7 elementor-widget elementor-widget-heading\" data-id=\"8ed88b7\" data-element_type=\"widget\" data-widget_type=\"heading.default\">\n\t\t\t\t<div class=\"elementor-widget-container\">\n\t\t\t\t\t<h1 class=\"elementor-heading-title elementor-size-default\">Maschinenbauingenieur (m\/w\/d)<\/h1>\t\t\t\t<\/div>\n\t\t\t\t<\/div>\n\t\t\t\t<div class=\"elementor-element elementor-element-184ab11 elementor-widget elementor-widget-text-editor\" data-id=\"184ab11\" data-element_type=\"widget\" data-widget_type=\"text-editor.default\">\n\t\t\t\t<div class=\"elementor-widget-container\">\n\t\t\t\t\t\t\t\t\t<p><b>Ihre Aufgaben:<\/b><\/p><ul><li>Planung, Konstruktion und Realisation von neuen Maschinen und Komponenten zur Herstellung von Schwingteilen<\/li><li>Ermittlung des n\u00f6tigen Investitionsvolumens<\/li><li>Ansprechpartner der Produktion bei technischen Problemen mit den Produktionseinrichtungen<\/li><li>Erstellung von funktions- und fertigungsgerechten St\u00fccklisten<span class=\"Apple-converted-space\">\u00a0<\/span><\/li><\/ul><p><b>Ihr Profil<\/b>:<span class=\"Apple-converted-space\">\u00a0<\/span><\/p><ul><li>Abgeschlossenes Studium im Bereich Maschinenbau oder eine vergleichbare Ausbildung<\/li><li>Mehrj\u00e4hrige Berufserfahrung als Projektingenieur im Umfeld des Sondermaschinenbaus<\/li><li>Sehr gute Anwenderkenntnisse von Konstruktionssoftware, bevorzugt CADdy<\/li><li>Ihre anpackende Art sowie Ihre organisatorischen F\u00e4higkeiten und l\u00f6sungsorientierten Ans\u00e4tze zeichnen Sie aus<\/li><li>Neben Ihrem \u00fcberzeugenden Auftreten besitzen Sie ein gutes Durchsetzungsverm\u00f6gen und schaffen damit intern und extern erfolgreiche Kooperationen<\/li><li>Englischkenntnisse w\u00e4ren von Vorteil<\/li><\/ul><p><b>Unser Angebot:<\/b><\/p><ul><li>Ein abwechslungsreiches Aufgabengebiet mit viel Eigenverantwortung<\/li><li>Gro\u00dfe Entfaltungsm\u00f6glichen<\/li><li>Flache Hierarchien und kurze Entscheidungswege<span class=\"Apple-converted-space\">\u00a0<\/span><\/li><li>Hohes Ma\u00df an Selbst\u00e4ndigkeit<\/li><\/ul><p>Haben Sie Interesse an einer attraktiven Herausforderung? Dann senden Sie uns bitte Ihre Bewerbungsunterlagen unter Angabe Ihres fr\u00fchestm\u00f6glichen Eintrittstermins und Ihrer Gehaltsvorstellung online an: <a href=\"mailto:jobs@kurtmueller.com\">jobs@kurtmueller.com<\/a><span class=\"Apple-converted-space\">\u00a0<\/span><\/p><p>Wir freuen uns auf Ihre Bewerbung!<\/p><p>Dr. Kurt M\u00fcller GmbH &amp; Co.KG<br \/>Krefelder Str. 150<br \/>47839 Krefeld<br \/>Telefon: 02151-7329-0<br \/><a href=\"mailto:info@kurtmueller.com\">info@kurtmueller.com<\/a><br \/><a href=\"https:\/\/kurtmueller.com\/en\/\">www.kurtmueller.com<\/a><\/p>\t\t\t\t\t\t\t\t<\/div>\n\t\t\t\t<\/div>\n\t\t\t\t\t<\/div>\n\t\t<\/div>\n\t\t\t\t\t<\/div>\n\t\t<\/section>\n\t\t\t\t<section class=\"elementor-section elementor-top-section elementor-element elementor-element-388f9be elementor-section-height-min-height elementor-section-boxed elementor-section-height-default elementor-section-items-middle\" data-id=\"388f9be\" data-element_type=\"section\" data-settings=\"{&quot;background_background&quot;:&quot;classic&quot;}\">\n\t\t\t\t\t\t<div class=\"elementor-container elementor-column-gap-default\">\n\t\t\t\t\t<div class=\"elementor-column elementor-col-100 elementor-top-column elementor-element elementor-element-b0d5b98\" data-id=\"b0d5b98\" data-element_type=\"column\">\n\t\t\t<div class=\"elementor-widget-wrap\">\n\t\t\t\t\t\t\t<\/div>\n\t\t<\/div>\n\t\t\t\t\t<\/div>\n\t\t<\/section>\n\t\t\t\t<\/div>","protected":false},"excerpt":{"rendered":"<p>Wir sind ein f\u00fchrendes, mittelst\u00e4ndisches Unternehmen in der Entwicklung und Herstellung von Membranen sowie anderen Schwingteilen f\u00fcr die Lautsprecherindustrie. Unsere internationalen Kunden sind neben der Automobilindustrie die namenhaften Lautsprecherfirmen im \u201eHigh End\u201c- sowie im PA-Bereich. Unser Hauptfirmenstandort ist Krefeld. Zudem produzieren wir einen Teil der Produktpalette auch in unserem Tochterunternehmen in England sowie in Tschechien.\u00a0 [&hellip;]<\/p>","protected":false},"author":1,"featured_media":0,"parent":0,"menu_order":0,"comment_status":"closed","ping_status":"closed","template":"elementor_header_footer","meta":{"ocean_post_layout":"","ocean_both_sidebars_style":"","ocean_both_sidebars_content_width":0,"ocean_both_sidebars_sidebars_width":0,"ocean_sidebar":"0","ocean_second_sidebar":"0","ocean_disable_margins":"enable","ocean_add_body_class":"","ocean_shortcode_before_top_bar":"","ocean_shortcode_after_top_bar":"","ocean_shortcode_before_header":"","ocean_shortcode_after_header":"","ocean_has_shortcode":"","ocean_shortcode_after_title":"","ocean_shortcode_before_footer_widgets":"","ocean_shortcode_after_footer_widgets":"","ocean_shortcode_before_footer_bottom":"","ocean_shortcode_after_footer_bottom":"","ocean_display_top_bar":"off","ocean_display_header":"default","ocean_header_style":"","ocean_center_header_left_menu":"0","ocean_custom_header_template":"0","ocean_custom_logo":0,"ocean_custom_retina_logo":0,"ocean_custom_logo_max_width":0,"ocean_custom_logo_tablet_max_width":0,"ocean_custom_logo_mobile_max_width":0,"ocean_custom_logo_max_height":0,"ocean_custom_logo_tablet_max_height":0,"ocean_custom_logo_mobile_max_height":0,"ocean_header_custom_menu":"0","ocean_menu_typo_font_family":"0","ocean_menu_typo_font_subset":"","ocean_menu_typo_font_size":0,"ocean_menu_typo_font_size_tablet":0,"ocean_menu_typo_font_size_mobile":0,"ocean_menu_typo_font_size_unit":"px","ocean_menu_typo_font_weight":"","ocean_menu_typo_font_weight_tablet":"","ocean_menu_typo_font_weight_mobile":"","ocean_menu_typo_transform":"","ocean_menu_typo_transform_tablet":"","ocean_menu_typo_transform_mobile":"","ocean_menu_typo_line_height":0,"ocean_menu_typo_line_height_tablet":0,"ocean_menu_typo_line_height_mobile":0,"ocean_menu_typo_line_height_unit":"","ocean_menu_typo_spacing":0,"ocean_menu_typo_spacing_tablet":0,"ocean_menu_typo_spacing_mobile":0,"ocean_menu_typo_spacing_unit":"","ocean_menu_link_color":"","ocean_menu_link_color_hover":"","ocean_menu_link_color_active":"","ocean_menu_link_background":"","ocean_menu_link_hover_background":"","ocean_menu_link_active_background":"","ocean_menu_social_links_bg":"","ocean_menu_social_hover_links_bg":"","ocean_menu_social_links_color":"","ocean_menu_social_hover_links_color":"","ocean_disable_title":"on","ocean_disable_heading":"default","ocean_post_title":"","ocean_post_subheading":"","ocean_post_title_style":"","ocean_post_title_background_color":"","ocean_post_title_background":0,"ocean_post_title_bg_image_position":"","ocean_post_title_bg_image_attachment":"","ocean_post_title_bg_image_repeat":"","ocean_post_title_bg_image_size":"","ocean_post_title_height":0,"ocean_post_title_bg_overlay":0.5,"ocean_post_title_bg_overlay_color":"","ocean_disable_breadcrumbs":"off","ocean_breadcrumbs_color":"","ocean_breadcrumbs_separator_color":"","ocean_breadcrumbs_links_color":"","ocean_breadcrumbs_links_hover_color":"","ocean_display_footer_widgets":"default","ocean_display_footer_bottom":"default","ocean_custom_footer_template":"0","footnotes":""},"class_list":["post-1115","page","type-page","status-publish","hentry","entry"],"_links":{"self":[{"href":"https:\/\/kurtmueller.com\/en\/wp-json\/wp\/v2\/pages\/1115","targetHints":{"allow":["GET"]}}],"collection":[{"href":"https:\/\/kurtmueller.com\/en\/wp-json\/wp\/v2\/pages"}],"about":[{"href":"https:\/\/kurtmueller.com\/en\/wp-json\/wp\/v2\/types\/page"}],"author":[{"embeddable":true,"href":"https:\/\/kurtmueller.com\/en\/wp-json\/wp\/v2\/users\/1"}],"replies":[{"embeddable":true,"href":"https:\/\/kurtmueller.com\/en\/wp-json\/wp\/v2\/comments?post=1115"}],"version-history":[{"count":30,"href":"https:\/\/kurtmueller.com\/en\/wp-json\/wp\/v2\/pages\/1115\/revisions"}],"predecessor-version":[{"id":2495,"href":"https:\/\/kurtmueller.com\/en\/wp-json\/wp\/v2\/pages\/1115\/revisions\/2495"}],"wp:attachment":[{"href":"https:\/\/kurtmueller.com\/en\/wp-json\/wp\/v2\/media?parent=1115"}],"curies":[{"name":"wp","href":"https:\/\/api.w.org\/{rel}","templated":true}]}}